{"id":106,"date":"2016-11-23T13:08:08","date_gmt":"2016-11-23T12:08:08","guid":{"rendered":"http:\/\/etho-diversite.fr\/?page_id=106"},"modified":"2017-07-09T13:27:56","modified_gmt":"2017-07-09T11:27:56","slug":"les-caprins","status":"publish","type":"page","link":"https:\/\/www.etho-diversite.fr\/index.php\/mes-animaux\/les-caprins\/","title":{"rendered":"Les Caprins"},"content":{"rendered":"<p>Je vous pr\u00e9sente mes \u00e9l\u00e8ves caprins.\u00a0Les cours se d\u00e9roulent dans une petite vall\u00e9e Cantalienne sur le C\u00e9zallier \u00e0 1100m d\u2019altitude.\u00a0Les meilleures conditions de vie sont offertes \u00e0 mes \u00e9l\u00e8ves :<\/p>\n<p><img decoding=\"async\" loading=\"lazy\" class=\"aligncenter wp-image-107\" src=\"http:\/\/etho-diversite.fr\/wp-content\/uploads\/2016\/11\/sl_chevres-entrainement-etho.jpg\" alt=\"chevres ethologie methode\" width=\"960\" height=\"310\" srcset=\"https:\/\/www.etho-diversite.fr\/wp-content\/uploads\/2016\/11\/sl_chevres-entrainement-etho.jpg 990w, https:\/\/www.etho-diversite.fr\/wp-content\/uploads\/2016\/11\/sl_chevres-entrainement-etho-300x97.jpg 300w, https:\/\/www.etho-diversite.fr\/wp-content\/uploads\/2016\/11\/sl_chevres-entrainement-etho-768x248.jpg 768w\" sizes=\"(max-width: 960px) 100vw, 960px\" \/><\/p>\n<h1 style=\"text-align: center;\">LES CH\u00c8VRES<\/h1>\n<ul>\n<li><strong>Nom\u00a0<\/strong>: Feuille<\/li>\n<li><strong>Race<\/strong>\u00a0: Ch\u00e8vre naine<\/li>\n<li><strong>Ann\u00e9e\u00a0<\/strong>:<strong>\u00a0<\/strong>2008, femelle.<\/li>\n<li><strong>Caract\u00e8re<\/strong>\u00a0: Elle est tr\u00e8s joueuse, dynamique, elle excelle dans le saut d\u2019obstacle<\/li>\n<li><strong>Niveau<\/strong>\u00a0: 2\u00e8me de la classe, contrairement \u00e0 sa fille Chavroux, elle a eu beaucoup de mal \u00e0 se mettre au travail, mais, d\u00e9sormais, elle atteint presque\u00a0 le m\u00eame niveau que sa fille.<\/li>\n<li><strong>Signe particulier\u00a0<\/strong>: Maman de Chavroux.\u00a0Elle adore se faire gratter entre les doigts de pied.\u00a0Aime beaucoup d\u00e9foncer les cl\u00f4tures !<\/li>\n<li><strong>Note globale<\/strong>\u00a0: 16\/20<\/li>\n<\/ul>\n<p><img decoding=\"async\" loading=\"lazy\" class=\"wp-image-108 aligncenter\" src=\"http:\/\/etho-diversite.fr\/wp-content\/uploads\/2016\/11\/11807741_1479083402390612_5012743347150767585_o.jpg\" alt=\"chevres exercices ethologue\" width=\"960\" height=\"720\" srcset=\"https:\/\/www.etho-diversite.fr\/wp-content\/uploads\/2016\/11\/11807741_1479083402390612_5012743347150767585_o.jpg 2048w, https:\/\/www.etho-diversite.fr\/wp-content\/uploads\/2016\/11\/11807741_1479083402390612_5012743347150767585_o-300x225.jpg 300w, https:\/\/www.etho-diversite.fr\/wp-content\/uploads\/2016\/11\/11807741_1479083402390612_5012743347150767585_o-768x576.jpg 768w, https:\/\/www.etho-diversite.fr\/wp-content\/uploads\/2016\/11\/11807741_1479083402390612_5012743347150767585_o-1024x768.jpg 1024w\" sizes=\"(max-width: 960px) 100vw, 960px\" \/><\/p>\n<ul>\n<li><strong>Nom\u00a0:<\/strong> Chavroux<\/li>\n<li><strong>Race<\/strong>\u00a0: Ch\u00e8vre naine<\/li>\n<li><strong>Ann\u00e9e\u00a0<\/strong>:<strong>\u00a0<\/strong>2013, femelle.<\/li>\n<li><strong>Caract\u00e8re<\/strong>\u00a0: Jeune, tr\u00e8s dynamique, tr\u00e8s studieuse, progresse tr\u00e8s vite<\/li>\n<li><strong>Niveau<\/strong>\u00a0: Ex-aequo avec Spirit, 1\u00e8re de la classe !<\/li>\n<li><strong>Signe particulier<\/strong>\u00a0: Fille de feuille. Elle raffole des rosiers du voisin hum ! Hum !\u00a0A la fugue facile !<\/li>\n<li><strong>Note globale<\/strong>\u00a0: 17\/20<\/li>\n<\/ul>\n","protected":false},"excerpt":{"rendered":"<p>Je vous pr\u00e9sente mes \u00e9l\u00e8ves caprins.\u00a0Les cours se d\u00e9roulent dans une petite vall\u00e9e Cantalienne sur le C\u00e9zallier \u00e0 1100m d\u2019altitude.\u00a0Les meilleures conditions de vie sont offertes \u00e0 mes \u00e9l\u00e8ves : LES CH\u00c8VRES Nom\u00a0: Feuille Race\u00a0: Ch\u00e8vre naine Ann\u00e9e\u00a0:\u00a02008, femelle. Caract\u00e8re\u00a0:<\/p>\n","protected":false},"author":1,"featured_media":350,"parent":12,"menu_order":3,"comment_status":"closed","ping_status":"closed","template":"","meta":{"_exactmetrics_skip_tracking":false,"_exactmetrics_sitenote_active":false,"_exactmetrics_sitenote_note":"","_exactmetrics_sitenote_category":0},"yoast_head":"<!-- This site is optimized with the Yoast SEO plugin v21.8.1 - https:\/\/yoast.com\/wordpress\/plugins\/seo\/ -->\n<title>Les Caprins - Etho-Diversit\u00e9<\/title>\n<meta name=\"robots\" content=\"index, follow, max-snippet:-1, max-image-preview:large, max-video-preview:-1\" \/>\n<link rel=\"canonical\" href=\"https:\/\/www.etho-diversite.fr\/index.php\/mes-animaux\/les-caprins\/\" \/>\n<meta property=\"og:locale\" content=\"fr_FR\" \/>\n<meta property=\"og:type\" content=\"article\" \/>\n<meta property=\"og:title\" content=\"Les Caprins - Etho-Diversit\u00e9\" \/>\n<meta property=\"og:description\" content=\"Je vous pr\u00e9sente mes \u00e9l\u00e8ves caprins.\u00a0Les cours se d\u00e9roulent dans une petite vall\u00e9e Cantalienne sur le C\u00e9zallier \u00e0 1100m d\u2019altitude.\u00a0Les meilleures conditions de vie sont offertes \u00e0 mes \u00e9l\u00e8ves : LES CH\u00c8VRES Nom\u00a0: Feuille Race\u00a0: Ch\u00e8vre naine Ann\u00e9e\u00a0:\u00a02008, femelle. Caract\u00e8re\u00a0:\" \/>\n<meta property=\"og:url\" content=\"https:\/\/www.etho-diversite.fr\/index.php\/mes-animaux\/les-caprins\/\" \/>\n<meta property=\"og:site_name\" content=\"Etho-Diversit\u00e9\" \/>\n<meta property=\"article:modified_time\" content=\"2017-07-09T11:27:56+00:00\" \/>\n<meta property=\"og:image\" content=\"https:\/\/www.etho-diversite.fr\/wp-content\/uploads\/2016\/11\/feuille0.jpg\" \/>\n\t<meta property=\"og:image:width\" content=\"355\" \/>\n\t<meta property=\"og:image:height\" content=\"427\" \/>\n\t<meta property=\"og:image:type\" content=\"image\/jpeg\" \/>\n<meta name=\"twitter:card\" content=\"summary_large_image\" \/>\n<meta name=\"twitter:site\" content=\"@etho_diversite\" \/>\n<meta name=\"twitter:label1\" content=\"Dur\u00e9e de lecture estim\u00e9e\" \/>\n\t<meta name=\"twitter:data1\" content=\"1 minute\" \/>\n<script type=\"application\/ld+json\" class=\"yoast-schema-graph\">{\"@context\":\"https:\/\/schema.org\",\"@graph\":[{\"@type\":\"WebPage\",\"@id\":\"https:\/\/www.etho-diversite.fr\/index.php\/mes-animaux\/les-caprins\/\",\"url\":\"https:\/\/www.etho-diversite.fr\/index.php\/mes-animaux\/les-caprins\/\",\"name\":\"Les Caprins - Etho-Diversit\u00e9\",\"isPartOf\":{\"@id\":\"https:\/\/www.etho-diversite.fr\/#website\"},\"datePublished\":\"2016-11-23T12:08:08+00:00\",\"dateModified\":\"2017-07-09T11:27:56+00:00\",\"breadcrumb\":{\"@id\":\"https:\/\/www.etho-diversite.fr\/index.php\/mes-animaux\/les-caprins\/#breadcrumb\"},\"inLanguage\":\"fr-FR\",\"potentialAction\":[{\"@type\":\"ReadAction\",\"target\":[\"https:\/\/www.etho-diversite.fr\/index.php\/mes-animaux\/les-caprins\/\"]}]},{\"@type\":\"BreadcrumbList\",\"@id\":\"https:\/\/www.etho-diversite.fr\/index.php\/mes-animaux\/les-caprins\/#breadcrumb\",\"itemListElement\":[{\"@type\":\"ListItem\",\"position\":1,\"name\":\"Accueil\",\"item\":\"https:\/\/www.etho-diversite.fr\/\"},{\"@type\":\"ListItem\",\"position\":2,\"name\":\"Mes Animaux\",\"item\":\"https:\/\/www.etho-diversite.fr\/index.php\/mes-animaux\/\"},{\"@type\":\"ListItem\",\"position\":3,\"name\":\"Les Caprins\"}]},{\"@type\":\"WebSite\",\"@id\":\"https:\/\/www.etho-diversite.fr\/#website\",\"url\":\"https:\/\/www.etho-diversite.fr\/\",\"name\":\"Etho-Diversit\u00e9\",\"description\":\"Ethologie Appliqu\u00e9e, Education Positive | EQUINS - BOVINS - CAPRINS\",\"publisher\":{\"@id\":\"https:\/\/www.etho-diversite.fr\/#\/schema\/person\/2db05b23d32d661768744ef0b2e3ed03\"},\"potentialAction\":[{\"@type\":\"SearchAction\",\"target\":{\"@type\":\"EntryPoint\",\"urlTemplate\":\"https:\/\/www.etho-diversite.fr\/?s={search_term_string}\"},\"query-input\":\"required name=search_term_string\"}],\"inLanguage\":\"fr-FR\"},{\"@type\":[\"Person\",\"Organization\"],\"@id\":\"https:\/\/www.etho-diversite.fr\/#\/schema\/person\/2db05b23d32d661768744ef0b2e3ed03\",\"name\":\"Pauline GARCIA | Etho-Diversit\u00e9\",\"image\":{\"@type\":\"ImageObject\",\"inLanguage\":\"fr-FR\",\"@id\":\"https:\/\/www.etho-diversite.fr\/#\/schema\/person\/image\/\",\"url\":\"https:\/\/www.etho-diversite.fr\/wp-content\/uploads\/2020\/07\/cropped-logo-Pauline-GARCIA-Etho-Diversit\u00e9-version-2019.jpg\",\"contentUrl\":\"https:\/\/www.etho-diversite.fr\/wp-content\/uploads\/2020\/07\/cropped-logo-Pauline-GARCIA-Etho-Diversit\u00e9-version-2019.jpg\",\"width\":2496,\"height\":2500,\"caption\":\"Pauline GARCIA | Etho-Diversit\u00e9\"},\"logo\":{\"@id\":\"https:\/\/www.etho-diversite.fr\/#\/schema\/person\/image\/\"},\"description\":\"\u00c9ducation positive bas\u00e9e sur l'\u00e9thologie, les besoins fondamentaux et le bien-\u00eatre de l'Animal, et plus particuli\u00e8rement ceux du cheval, de la vache, et de la ch\u00e8vre. Astuces, actualit\u00e9s, formations, stages, initiation, coaching sur etho-diversite.fr Coaching en ligne pour les 3 esp\u00e8ces et webinaire.\",\"sameAs\":[\"https:\/\/www.etho-diversit\u00e9.fr\"]}]}<\/script>\n<!-- \/ Yoast SEO plugin. -->","yoast_head_json":{"title":"Les Caprins - Etho-Diversit\u00e9","robots":{"index":"index","follow":"follow","max-snippet":"max-snippet:-1","max-image-preview":"max-image-preview:large","max-video-preview":"max-video-preview:-1"},"canonical":"https:\/\/www.etho-diversite.fr\/index.php\/mes-animaux\/les-caprins\/","og_locale":"fr_FR","og_type":"article","og_title":"Les Caprins - Etho-Diversit\u00e9","og_description":"Je vous pr\u00e9sente mes \u00e9l\u00e8ves caprins.\u00a0Les cours se d\u00e9roulent dans une petite vall\u00e9e Cantalienne sur le C\u00e9zallier \u00e0 1100m d\u2019altitude.\u00a0Les meilleures conditions de vie sont offertes \u00e0 mes \u00e9l\u00e8ves : LES CH\u00c8VRES Nom\u00a0: Feuille Race\u00a0: Ch\u00e8vre naine Ann\u00e9e\u00a0:\u00a02008, femelle. Caract\u00e8re\u00a0:","og_url":"https:\/\/www.etho-diversite.fr\/index.php\/mes-animaux\/les-caprins\/","og_site_name":"Etho-Diversit\u00e9","article_modified_time":"2017-07-09T11:27:56+00:00","og_image":[{"width":355,"height":427,"url":"https:\/\/www.etho-diversite.fr\/wp-content\/uploads\/2016\/11\/feuille0.jpg","type":"image\/jpeg"}],"twitter_card":"summary_large_image","twitter_site":"@etho_diversite","twitter_misc":{"Dur\u00e9e de lecture estim\u00e9e":"1 minute"},"schema":{"@context":"https:\/\/schema.org","@graph":[{"@type":"WebPage","@id":"https:\/\/www.etho-diversite.fr\/index.php\/mes-animaux\/les-caprins\/","url":"https:\/\/www.etho-diversite.fr\/index.php\/mes-animaux\/les-caprins\/","name":"Les Caprins - Etho-Diversit\u00e9","isPartOf":{"@id":"https:\/\/www.etho-diversite.fr\/#website"},"datePublished":"2016-11-23T12:08:08+00:00","dateModified":"2017-07-09T11:27:56+00:00","breadcrumb":{"@id":"https:\/\/www.etho-diversite.fr\/index.php\/mes-animaux\/les-caprins\/#breadcrumb"},"inLanguage":"fr-FR","potentialAction":[{"@type":"ReadAction","target":["https:\/\/www.etho-diversite.fr\/index.php\/mes-animaux\/les-caprins\/"]}]},{"@type":"BreadcrumbList","@id":"https:\/\/www.etho-diversite.fr\/index.php\/mes-animaux\/les-caprins\/#breadcrumb","itemListElement":[{"@type":"ListItem","position":1,"name":"Accueil","item":"https:\/\/www.etho-diversite.fr\/"},{"@type":"ListItem","position":2,"name":"Mes Animaux","item":"https:\/\/www.etho-diversite.fr\/index.php\/mes-animaux\/"},{"@type":"ListItem","position":3,"name":"Les Caprins"}]},{"@type":"WebSite","@id":"https:\/\/www.etho-diversite.fr\/#website","url":"https:\/\/www.etho-diversite.fr\/","name":"Etho-Diversit\u00e9","description":"Ethologie Appliqu\u00e9e, Education Positive | EQUINS - BOVINS - CAPRINS","publisher":{"@id":"https:\/\/www.etho-diversite.fr\/#\/schema\/person\/2db05b23d32d661768744ef0b2e3ed03"},"potentialAction":[{"@type":"SearchAction","target":{"@type":"EntryPoint","urlTemplate":"https:\/\/www.etho-diversite.fr\/?s={search_term_string}"},"query-input":"required name=search_term_string"}],"inLanguage":"fr-FR"},{"@type":["Person","Organization"],"@id":"https:\/\/www.etho-diversite.fr\/#\/schema\/person\/2db05b23d32d661768744ef0b2e3ed03","name":"Pauline GARCIA | Etho-Diversit\u00e9","image":{"@type":"ImageObject","inLanguage":"fr-FR","@id":"https:\/\/www.etho-diversite.fr\/#\/schema\/person\/image\/","url":"https:\/\/www.etho-diversite.fr\/wp-content\/uploads\/2020\/07\/cropped-logo-Pauline-GARCIA-Etho-Diversit\u00e9-version-2019.jpg","contentUrl":"https:\/\/www.etho-diversite.fr\/wp-content\/uploads\/2020\/07\/cropped-logo-Pauline-GARCIA-Etho-Diversit\u00e9-version-2019.jpg","width":2496,"height":2500,"caption":"Pauline GARCIA | Etho-Diversit\u00e9"},"logo":{"@id":"https:\/\/www.etho-diversite.fr\/#\/schema\/person\/image\/"},"description":"\u00c9ducation positive bas\u00e9e sur l'\u00e9thologie, les besoins fondamentaux et le bien-\u00eatre de l'Animal, et plus particuli\u00e8rement ceux du cheval, de la vache, et de la ch\u00e8vre. Astuces, actualit\u00e9s, formations, stages, initiation, coaching sur etho-diversite.fr Coaching en ligne pour les 3 esp\u00e8ces et webinaire.","sameAs":["https:\/\/www.etho-diversit\u00e9.fr"]}]}},"_links":{"self":[{"href":"https:\/\/www.etho-diversite.fr\/index.php\/wp-json\/wp\/v2\/pages\/106"}],"collection":[{"href":"https:\/\/www.etho-diversite.fr\/index.php\/wp-json\/wp\/v2\/pages"}],"about":[{"href":"https:\/\/www.etho-diversite.fr\/index.php\/wp-json\/wp\/v2\/types\/page"}],"author":[{"embeddable":true,"href":"https:\/\/www.etho-diversite.fr\/index.php\/wp-json\/wp\/v2\/users\/1"}],"replies":[{"embeddable":true,"href":"https:\/\/www.etho-diversite.fr\/index.php\/wp-json\/wp\/v2\/comments?post=106"}],"version-history":[{"count":8,"href":"https:\/\/www.etho-diversite.fr\/index.php\/wp-json\/wp\/v2\/pages\/106\/revisions"}],"predecessor-version":[{"id":820,"href":"https:\/\/www.etho-diversite.fr\/index.php\/wp-json\/wp\/v2\/pages\/106\/revisions\/820"}],"up":[{"embeddable":true,"href":"https:\/\/www.etho-diversite.fr\/index.php\/wp-json\/wp\/v2\/pages\/12"}],"wp:featuredmedia":[{"embeddable":true,"href":"https:\/\/www.etho-diversite.fr\/index.php\/wp-json\/wp\/v2\/media\/350"}],"wp:attachment":[{"href":"https:\/\/www.etho-diversite.fr\/index.php\/wp-json\/wp\/v2\/media?parent=106"}],"curies":[{"name":"wp","href":"https:\/\/api.w.org\/{rel}","templated":true}]}}