{"id":146,"date":"2016-11-23T13:37:32","date_gmt":"2016-11-23T12:37:32","guid":{"rendered":"http:\/\/etho-diversite.fr\/?page_id=146"},"modified":"2016-11-24T13:37:06","modified_gmt":"2016-11-24T12:37:06","slug":"le-clicker-training","status":"publish","type":"page","link":"https:\/\/www.etho-diversite.fr\/index.php\/ethologie-appliquee\/le-clicker-training\/","title":{"rendered":"Le Clicker Training"},"content":{"rendered":"<h2 style=\"text-align: justify;\"><img decoding=\"async\" loading=\"lazy\" class=\"wp-image-226 aligncenter\" src=\"http:\/\/etho-diversite.fr\/wp-content\/uploads\/2016\/11\/sl_cheval-ethologie-exercices.jpg\" alt=\"sl_cheval-ethologie-exercices\" width=\"960\" height=\"310\" srcset=\"https:\/\/www.etho-diversite.fr\/wp-content\/uploads\/2016\/11\/sl_cheval-ethologie-exercices.jpg 990w, https:\/\/www.etho-diversite.fr\/wp-content\/uploads\/2016\/11\/sl_cheval-ethologie-exercices-300x97.jpg 300w, https:\/\/www.etho-diversite.fr\/wp-content\/uploads\/2016\/11\/sl_cheval-ethologie-exercices-768x248.jpg 768w\" sizes=\"(max-width: 960px) 100vw, 960px\" \/><\/h2>\n<h2 style=\"text-align: justify;\"><strong><em>a) La m\u00e9thode :<\/em><\/strong><\/h2>\n<p style=\"text-align: justify;\">A partir d\u2019observations rigoureuses, de connaissances, de l\u2019\u00e9thologie de l\u2019esp\u00e8ce, d\u2019informations pr\u00e9cises sur l\u2019individu (environnement, alimentation, cong\u00e9n\u00e8res, relation homme\/animal), je r\u00e9alise un plan de travail adapt\u00e9 \u00e0 l\u2019animal qui prend en compte son caract\u00e8re, ses difficult\u00e9s et les \u00e9l\u00e9ments motivants.<\/p>\n<h2 style=\"text-align: justify;\"><\/h2>\n<h2 style=\"text-align: justify;\"><strong><em>b) Les outils :<\/em><\/strong><\/h2>\n<ul style=\"text-align: justify;\">\n<li>J\u2019utilise essentiellement le renforcement positif, la r\u00e9compense alimentaire bien distribu\u00e9e, le \u00ab clicker training \u00bb.<\/li>\n<li>J\u2019emploie la caresse en compl\u00e9ment pour les individus tr\u00e8s tactiles.<\/li>\n<\/ul>\n<blockquote>\n<p style=\"text-align: justify;\">Lutter et dominer un animal (parfois de plus de 500kg) par la force n&rsquo;apporte rien et n&rsquo;est d&rsquo;aucune efficacit\u00e9 ! L\u2019homme ne fait jamais le poids !<\/p>\n<\/blockquote>\n<p>&nbsp;<\/p>\n","protected":false},"excerpt":{"rendered":"<p>a) La m\u00e9thode : A partir d\u2019observations rigoureuses, de connaissances, de l\u2019\u00e9thologie de l\u2019esp\u00e8ce, d\u2019informations pr\u00e9cises sur l\u2019individu (environnement, alimentation, cong\u00e9n\u00e8res, relation homme\/animal), je r\u00e9alise un plan de travail adapt\u00e9 \u00e0 l\u2019animal qui prend en compte son caract\u00e8re, ses difficult\u00e9s<\/p>\n","protected":false},"author":1,"featured_media":98,"parent":15,"menu_order":2,"comment_status":"closed","ping_status":"closed","template":"","meta":{"_exactmetrics_skip_tracking":false,"_exactmetrics_sitenote_active":false,"_exactmetrics_sitenote_note":"","_exactmetrics_sitenote_category":0},"yoast_head":"<!-- This site is optimized with the Yoast SEO plugin v21.8.1 - https:\/\/yoast.com\/wordpress\/plugins\/seo\/ -->\n<title>Le Clicker Training - Etho-Diversit\u00e9<\/title>\n<meta name=\"robots\" content=\"index, follow, max-snippet:-1, max-image-preview:large, max-video-preview:-1\" \/>\n<link rel=\"canonical\" href=\"https:\/\/www.etho-diversite.fr\/index.php\/ethologie-appliquee\/le-clicker-training\/\" \/>\n<meta property=\"og:locale\" content=\"fr_FR\" \/>\n<meta property=\"og:type\" content=\"article\" \/>\n<meta property=\"og:title\" content=\"Le Clicker Training - Etho-Diversit\u00e9\" \/>\n<meta property=\"og:description\" content=\"a) La m\u00e9thode : A partir d\u2019observations rigoureuses, de connaissances, de l\u2019\u00e9thologie de l\u2019esp\u00e8ce, d\u2019informations pr\u00e9cises sur l\u2019individu (environnement, alimentation, cong\u00e9n\u00e8res, relation homme\/animal), je r\u00e9alise un plan de travail adapt\u00e9 \u00e0 l\u2019animal qui prend en compte son caract\u00e8re, ses difficult\u00e9s\" \/>\n<meta property=\"og:url\" content=\"https:\/\/www.etho-diversite.fr\/index.php\/ethologie-appliquee\/le-clicker-training\/\" \/>\n<meta property=\"og:site_name\" content=\"Etho-Diversit\u00e9\" \/>\n<meta property=\"article:modified_time\" content=\"2016-11-24T12:37:06+00:00\" \/>\n<meta property=\"og:image\" content=\"https:\/\/www.etho-diversite.fr\/wp-content\/uploads\/2016\/11\/535050_1657411167847875_3652197394309130181_n.jpg\" \/>\n\t<meta property=\"og:image:width\" content=\"960\" \/>\n\t<meta property=\"og:image:height\" content=\"720\" \/>\n\t<meta property=\"og:image:type\" content=\"image\/jpeg\" \/>\n<meta name=\"twitter:card\" content=\"summary_large_image\" \/>\n<meta name=\"twitter:site\" content=\"@etho_diversite\" \/>\n<meta name=\"twitter:label1\" content=\"Dur\u00e9e de lecture estim\u00e9e\" \/>\n\t<meta name=\"twitter:data1\" content=\"1 minute\" \/>\n<script type=\"application\/ld+json\" class=\"yoast-schema-graph\">{\"@context\":\"https:\/\/schema.org\",\"@graph\":[{\"@type\":\"WebPage\",\"@id\":\"https:\/\/www.etho-diversite.fr\/index.php\/ethologie-appliquee\/le-clicker-training\/\",\"url\":\"https:\/\/www.etho-diversite.fr\/index.php\/ethologie-appliquee\/le-clicker-training\/\",\"name\":\"Le Clicker Training - Etho-Diversit\u00e9\",\"isPartOf\":{\"@id\":\"https:\/\/www.etho-diversite.fr\/#website\"},\"datePublished\":\"2016-11-23T12:37:32+00:00\",\"dateModified\":\"2016-11-24T12:37:06+00:00\",\"breadcrumb\":{\"@id\":\"https:\/\/www.etho-diversite.fr\/index.php\/ethologie-appliquee\/le-clicker-training\/#breadcrumb\"},\"inLanguage\":\"fr-FR\",\"potentialAction\":[{\"@type\":\"ReadAction\",\"target\":[\"https:\/\/www.etho-diversite.fr\/index.php\/ethologie-appliquee\/le-clicker-training\/\"]}]},{\"@type\":\"BreadcrumbList\",\"@id\":\"https:\/\/www.etho-diversite.fr\/index.php\/ethologie-appliquee\/le-clicker-training\/#breadcrumb\",\"itemListElement\":[{\"@type\":\"ListItem\",\"position\":1,\"name\":\"Accueil\",\"item\":\"https:\/\/www.etho-diversite.fr\/\"},{\"@type\":\"ListItem\",\"position\":2,\"name\":\"Ethologie Appliqu\u00e9e\",\"item\":\"https:\/\/www.etho-diversite.fr\/index.php\/ethologie-appliquee\/\"},{\"@type\":\"ListItem\",\"position\":3,\"name\":\"Le Clicker Training\"}]},{\"@type\":\"WebSite\",\"@id\":\"https:\/\/www.etho-diversite.fr\/#website\",\"url\":\"https:\/\/www.etho-diversite.fr\/\",\"name\":\"Etho-Diversit\u00e9\",\"description\":\"Ethologie Appliqu\u00e9e, Education Positive | EQUINS - BOVINS - CAPRINS\",\"publisher\":{\"@id\":\"https:\/\/www.etho-diversite.fr\/#\/schema\/person\/2db05b23d32d661768744ef0b2e3ed03\"},\"potentialAction\":[{\"@type\":\"SearchAction\",\"target\":{\"@type\":\"EntryPoint\",\"urlTemplate\":\"https:\/\/www.etho-diversite.fr\/?s={search_term_string}\"},\"query-input\":\"required name=search_term_string\"}],\"inLanguage\":\"fr-FR\"},{\"@type\":[\"Person\",\"Organization\"],\"@id\":\"https:\/\/www.etho-diversite.fr\/#\/schema\/person\/2db05b23d32d661768744ef0b2e3ed03\",\"name\":\"Pauline GARCIA | Etho-Diversit\u00e9\",\"image\":{\"@type\":\"ImageObject\",\"inLanguage\":\"fr-FR\",\"@id\":\"https:\/\/www.etho-diversite.fr\/#\/schema\/person\/image\/\",\"url\":\"https:\/\/www.etho-diversite.fr\/wp-content\/uploads\/2020\/07\/cropped-logo-Pauline-GARCIA-Etho-Diversit\u00e9-version-2019.jpg\",\"contentUrl\":\"https:\/\/www.etho-diversite.fr\/wp-content\/uploads\/2020\/07\/cropped-logo-Pauline-GARCIA-Etho-Diversit\u00e9-version-2019.jpg\",\"width\":2496,\"height\":2500,\"caption\":\"Pauline GARCIA | Etho-Diversit\u00e9\"},\"logo\":{\"@id\":\"https:\/\/www.etho-diversite.fr\/#\/schema\/person\/image\/\"},\"description\":\"\u00c9ducation positive bas\u00e9e sur l'\u00e9thologie, les besoins fondamentaux et le bien-\u00eatre de l'Animal, et plus particuli\u00e8rement ceux du cheval, de la vache, et de la ch\u00e8vre. Astuces, actualit\u00e9s, formations, stages, initiation, coaching sur etho-diversite.fr Coaching en ligne pour les 3 esp\u00e8ces et webinaire.\",\"sameAs\":[\"https:\/\/www.etho-diversit\u00e9.fr\"]}]}<\/script>\n<!-- \/ Yoast SEO plugin. -->","yoast_head_json":{"title":"Le Clicker Training - Etho-Diversit\u00e9","robots":{"index":"index","follow":"follow","max-snippet":"max-snippet:-1","max-image-preview":"max-image-preview:large","max-video-preview":"max-video-preview:-1"},"canonical":"https:\/\/www.etho-diversite.fr\/index.php\/ethologie-appliquee\/le-clicker-training\/","og_locale":"fr_FR","og_type":"article","og_title":"Le Clicker Training - Etho-Diversit\u00e9","og_description":"a) La m\u00e9thode : A partir d\u2019observations rigoureuses, de connaissances, de l\u2019\u00e9thologie de l\u2019esp\u00e8ce, d\u2019informations pr\u00e9cises sur l\u2019individu (environnement, alimentation, cong\u00e9n\u00e8res, relation homme\/animal), je r\u00e9alise un plan de travail adapt\u00e9 \u00e0 l\u2019animal qui prend en compte son caract\u00e8re, ses difficult\u00e9s","og_url":"https:\/\/www.etho-diversite.fr\/index.php\/ethologie-appliquee\/le-clicker-training\/","og_site_name":"Etho-Diversit\u00e9","article_modified_time":"2016-11-24T12:37:06+00:00","og_image":[{"width":960,"height":720,"url":"https:\/\/www.etho-diversite.fr\/wp-content\/uploads\/2016\/11\/535050_1657411167847875_3652197394309130181_n.jpg","type":"image\/jpeg"}],"twitter_card":"summary_large_image","twitter_site":"@etho_diversite","twitter_misc":{"Dur\u00e9e de lecture estim\u00e9e":"1 minute"},"schema":{"@context":"https:\/\/schema.org","@graph":[{"@type":"WebPage","@id":"https:\/\/www.etho-diversite.fr\/index.php\/ethologie-appliquee\/le-clicker-training\/","url":"https:\/\/www.etho-diversite.fr\/index.php\/ethologie-appliquee\/le-clicker-training\/","name":"Le Clicker Training - Etho-Diversit\u00e9","isPartOf":{"@id":"https:\/\/www.etho-diversite.fr\/#website"},"datePublished":"2016-11-23T12:37:32+00:00","dateModified":"2016-11-24T12:37:06+00:00","breadcrumb":{"@id":"https:\/\/www.etho-diversite.fr\/index.php\/ethologie-appliquee\/le-clicker-training\/#breadcrumb"},"inLanguage":"fr-FR","potentialAction":[{"@type":"ReadAction","target":["https:\/\/www.etho-diversite.fr\/index.php\/ethologie-appliquee\/le-clicker-training\/"]}]},{"@type":"BreadcrumbList","@id":"https:\/\/www.etho-diversite.fr\/index.php\/ethologie-appliquee\/le-clicker-training\/#breadcrumb","itemListElement":[{"@type":"ListItem","position":1,"name":"Accueil","item":"https:\/\/www.etho-diversite.fr\/"},{"@type":"ListItem","position":2,"name":"Ethologie Appliqu\u00e9e","item":"https:\/\/www.etho-diversite.fr\/index.php\/ethologie-appliquee\/"},{"@type":"ListItem","position":3,"name":"Le Clicker Training"}]},{"@type":"WebSite","@id":"https:\/\/www.etho-diversite.fr\/#website","url":"https:\/\/www.etho-diversite.fr\/","name":"Etho-Diversit\u00e9","description":"Ethologie Appliqu\u00e9e, Education Positive | EQUINS - BOVINS - CAPRINS","publisher":{"@id":"https:\/\/www.etho-diversite.fr\/#\/schema\/person\/2db05b23d32d661768744ef0b2e3ed03"},"potentialAction":[{"@type":"SearchAction","target":{"@type":"EntryPoint","urlTemplate":"https:\/\/www.etho-diversite.fr\/?s={search_term_string}"},"query-input":"required name=search_term_string"}],"inLanguage":"fr-FR"},{"@type":["Person","Organization"],"@id":"https:\/\/www.etho-diversite.fr\/#\/schema\/person\/2db05b23d32d661768744ef0b2e3ed03","name":"Pauline GARCIA | Etho-Diversit\u00e9","image":{"@type":"ImageObject","inLanguage":"fr-FR","@id":"https:\/\/www.etho-diversite.fr\/#\/schema\/person\/image\/","url":"https:\/\/www.etho-diversite.fr\/wp-content\/uploads\/2020\/07\/cropped-logo-Pauline-GARCIA-Etho-Diversit\u00e9-version-2019.jpg","contentUrl":"https:\/\/www.etho-diversite.fr\/wp-content\/uploads\/2020\/07\/cropped-logo-Pauline-GARCIA-Etho-Diversit\u00e9-version-2019.jpg","width":2496,"height":2500,"caption":"Pauline GARCIA | Etho-Diversit\u00e9"},"logo":{"@id":"https:\/\/www.etho-diversite.fr\/#\/schema\/person\/image\/"},"description":"\u00c9ducation positive bas\u00e9e sur l'\u00e9thologie, les besoins fondamentaux et le bien-\u00eatre de l'Animal, et plus particuli\u00e8rement ceux du cheval, de la vache, et de la ch\u00e8vre. Astuces, actualit\u00e9s, formations, stages, initiation, coaching sur etho-diversite.fr Coaching en ligne pour les 3 esp\u00e8ces et webinaire.","sameAs":["https:\/\/www.etho-diversit\u00e9.fr"]}]}},"_links":{"self":[{"href":"https:\/\/www.etho-diversite.fr\/index.php\/wp-json\/wp\/v2\/pages\/146"}],"collection":[{"href":"https:\/\/www.etho-diversite.fr\/index.php\/wp-json\/wp\/v2\/pages"}],"about":[{"href":"https:\/\/www.etho-diversite.fr\/index.php\/wp-json\/wp\/v2\/types\/page"}],"author":[{"embeddable":true,"href":"https:\/\/www.etho-diversite.fr\/index.php\/wp-json\/wp\/v2\/users\/1"}],"replies":[{"embeddable":true,"href":"https:\/\/www.etho-diversite.fr\/index.php\/wp-json\/wp\/v2\/comments?post=146"}],"version-history":[{"count":10,"href":"https:\/\/www.etho-diversite.fr\/index.php\/wp-json\/wp\/v2\/pages\/146\/revisions"}],"predecessor-version":[{"id":324,"href":"https:\/\/www.etho-diversite.fr\/index.php\/wp-json\/wp\/v2\/pages\/146\/revisions\/324"}],"up":[{"embeddable":true,"href":"https:\/\/www.etho-diversite.fr\/index.php\/wp-json\/wp\/v2\/pages\/15"}],"wp:featuredmedia":[{"embeddable":true,"href":"https:\/\/www.etho-diversite.fr\/index.php\/wp-json\/wp\/v2\/media\/98"}],"wp:attachment":[{"href":"https:\/\/www.etho-diversite.fr\/index.php\/wp-json\/wp\/v2\/media?parent=146"}],"curies":[{"name":"wp","href":"https:\/\/api.w.org\/{rel}","templated":true}]}}