{"id":151,"date":"2016-11-23T13:39:49","date_gmt":"2016-11-23T12:39:49","guid":{"rendered":"http:\/\/etho-diversite.fr\/?page_id=151"},"modified":"2016-12-16T13:57:16","modified_gmt":"2016-12-16T12:57:16","slug":"lencadrement","status":"publish","type":"page","link":"https:\/\/www.etho-diversite.fr\/index.php\/ethologie-appliquee\/lencadrement\/","title":{"rendered":"L&rsquo;Equi-Coaching"},"content":{"rendered":"<blockquote>\n<p style=\"text-align: justify;\">L&rsquo;Equi-coaching, une expertise personnalis\u00e9e.<\/p>\n<\/blockquote>\n<p style=\"text-align: justify;\"><img decoding=\"async\" loading=\"lazy\" class=\"aligncenter wp-image-268 size-full\" src=\"http:\/\/etho-diversite.fr\/wp-content\/uploads\/2016\/11\/12920330_1689754267946898_2833886262695360442_n-e1479922219129.jpg\" alt=\"cheval formation\" width=\"957\" height=\"465\" srcset=\"https:\/\/www.etho-diversite.fr\/wp-content\/uploads\/2016\/11\/12920330_1689754267946898_2833886262695360442_n-e1479922219129.jpg 957w, https:\/\/www.etho-diversite.fr\/wp-content\/uploads\/2016\/11\/12920330_1689754267946898_2833886262695360442_n-e1479922219129-300x146.jpg 300w, https:\/\/www.etho-diversite.fr\/wp-content\/uploads\/2016\/11\/12920330_1689754267946898_2833886262695360442_n-e1479922219129-768x373.jpg 768w\" sizes=\"(max-width: 957px) 100vw, 957px\" \/><\/p>\n<p style=\"text-align: justify;\">Mon travail a pour objectif\u00a0 d\u2019am\u00e9liorer la relation Homme\/Animal. Dans ce duo, l\u2019homme, le propri\u00e9taire doit se d\u00e9finir comme un guide, un r\u00e9f\u00e9rent, un instructeur pour l\u2019animal.<\/p>\n<p style=\"text-align: justify;\">J\u2019encadre et je conseille les propri\u00e9taires \u00e0 devenir <strong>de bons GUIDES.<\/strong><\/p>\n<p><span style=\"color: #ffffff;\">.<\/span><\/p>\n<h2><strong><em>Un encadrement efficace passe par des exercices de :<\/em><\/strong><\/h2>\n<ul>\n<li>Confiance en soi<\/li>\n<li>Concentration<\/li>\n<li>Gestion du stress, des \u00e9motions, de la patience<\/li>\n<li>Placements corrects du corps autour du cheval<\/li>\n<li>Postures justes du corps, attitudes<\/li>\n<li>Regard<\/li>\n<li>Tonalit\u00e9 de la voix (mettre en place les bons codes vocaux)<\/li>\n<li>Communication non verbal<\/li>\n<li>\u00c9thologie \/ Observation de l\u2019animal pour mieux le comprendre<\/li>\n<li>Compr\u00e9hension des comportements de l\u2019animal, messages que l\u2019animal renvoie<\/li>\n<li>Apprentissage des gestes justes pour faciliter l&rsquo;\u00e9ducation (conseiller, d\u00e9conseiller)<\/li>\n<\/ul>\n<p><img decoding=\"async\" loading=\"lazy\" class=\"aligncenter wp-image-514 size-full\" src=\"http:\/\/etho-diversite.fr\/wp-content\/uploads\/2016\/12\/travail-au-sol-Fjord.jpg\" width=\"960\" height=\"540\" srcset=\"https:\/\/www.etho-diversite.fr\/wp-content\/uploads\/2016\/12\/travail-au-sol-Fjord.jpg 960w, https:\/\/www.etho-diversite.fr\/wp-content\/uploads\/2016\/12\/travail-au-sol-Fjord-300x169.jpg 300w, https:\/\/www.etho-diversite.fr\/wp-content\/uploads\/2016\/12\/travail-au-sol-Fjord-768x432.jpg 768w\" sizes=\"(max-width: 960px) 100vw, 960px\" \/><\/p>\n<p><em>Equi-coaching avec un Fjord de 20 mois et sa propri\u00e9taire, Cantal, AUVERGNE<\/em><\/p>\n<p><img decoding=\"async\" loading=\"lazy\" class=\"aligncenter wp-image-513 size-full\" src=\"http:\/\/etho-diversite.fr\/wp-content\/uploads\/2016\/12\/Travail-au-sol-Fjord-Rubalise.jpg\" width=\"758\" height=\"960\" srcset=\"https:\/\/www.etho-diversite.fr\/wp-content\/uploads\/2016\/12\/Travail-au-sol-Fjord-Rubalise.jpg 758w, https:\/\/www.etho-diversite.fr\/wp-content\/uploads\/2016\/12\/Travail-au-sol-Fjord-Rubalise-237x300.jpg 237w\" sizes=\"(max-width: 758px) 100vw, 758px\" \/><\/p>\n<p><em>Equi-coaching avec un Fjord de 20 mois et sa propri\u00e9taire, Cantal, AUVERGNE<\/em><\/p>\n<p>&nbsp;<\/p>\n<p><img decoding=\"async\" loading=\"lazy\" class=\"aligncenter wp-image-512 size-full\" src=\"http:\/\/etho-diversite.fr\/wp-content\/uploads\/2016\/12\/Travail-au-sol-Fjord-nouveaut\u00e9.jpg\" width=\"916\" height=\"960\" srcset=\"https:\/\/www.etho-diversite.fr\/wp-content\/uploads\/2016\/12\/Travail-au-sol-Fjord-nouveaut\u00e9.jpg 916w, https:\/\/www.etho-diversite.fr\/wp-content\/uploads\/2016\/12\/Travail-au-sol-Fjord-nouveaut\u00e9-286x300.jpg 286w, https:\/\/www.etho-diversite.fr\/wp-content\/uploads\/2016\/12\/Travail-au-sol-Fjord-nouveaut\u00e9-768x805.jpg 768w\" sizes=\"(max-width: 916px) 100vw, 916px\" \/><\/p>\n<p><em>\u00ab\u00a0Test de l&rsquo;objet insolite\u00a0\u00bb, gestion du stress face \u00e0 la nouveaut\u00e9.<\/em><\/p>\n<p><img decoding=\"async\" loading=\"lazy\" class=\"size-full wp-image-236 aligncenter\" src=\"http:\/\/etho-diversite.fr\/wp-content\/uploads\/2016\/11\/pauline-image.jpg\" alt=\"pauline-image\" width=\"776\" height=\"678\" srcset=\"https:\/\/www.etho-diversite.fr\/wp-content\/uploads\/2016\/11\/pauline-image.jpg 776w, https:\/\/www.etho-diversite.fr\/wp-content\/uploads\/2016\/11\/pauline-image-300x262.jpg 300w, https:\/\/www.etho-diversite.fr\/wp-content\/uploads\/2016\/11\/pauline-image-768x671.jpg 768w\" sizes=\"(max-width: 776px) 100vw, 776px\" \/><\/p>\n","protected":false},"excerpt":{"rendered":"<p>L&rsquo;Equi-coaching, une expertise personnalis\u00e9e. Mon travail a pour objectif\u00a0 d\u2019am\u00e9liorer la relation Homme\/Animal. Dans ce duo, l\u2019homme, le propri\u00e9taire doit se d\u00e9finir comme un guide, un r\u00e9f\u00e9rent, un instructeur pour l\u2019animal. J\u2019encadre et je conseille les propri\u00e9taires \u00e0 devenir de<\/p>\n","protected":false},"author":1,"featured_media":268,"parent":15,"menu_order":3,"comment_status":"closed","ping_status":"closed","template":"","meta":{"_exactmetrics_skip_tracking":false,"_exactmetrics_sitenote_active":false,"_exactmetrics_sitenote_note":"","_exactmetrics_sitenote_category":0},"yoast_head":"<!-- This site is optimized with the Yoast SEO plugin v21.8.1 - https:\/\/yoast.com\/wordpress\/plugins\/seo\/ -->\n<title>L&#039;Equi-Coaching - Etho-Diversit\u00e9<\/title>\n<meta name=\"robots\" content=\"index, follow, max-snippet:-1, max-image-preview:large, max-video-preview:-1\" \/>\n<link rel=\"canonical\" href=\"https:\/\/www.etho-diversite.fr\/index.php\/ethologie-appliquee\/lencadrement\/\" \/>\n<meta property=\"og:locale\" content=\"fr_FR\" \/>\n<meta property=\"og:type\" content=\"article\" \/>\n<meta property=\"og:title\" content=\"L&#039;Equi-Coaching - Etho-Diversit\u00e9\" \/>\n<meta property=\"og:description\" content=\"L&rsquo;Equi-coaching, une expertise personnalis\u00e9e. Mon travail a pour objectif\u00a0 d\u2019am\u00e9liorer la relation Homme\/Animal. Dans ce duo, l\u2019homme, le propri\u00e9taire doit se d\u00e9finir comme un guide, un r\u00e9f\u00e9rent, un instructeur pour l\u2019animal. J\u2019encadre et je conseille les propri\u00e9taires \u00e0 devenir de\" \/>\n<meta property=\"og:url\" content=\"https:\/\/www.etho-diversite.fr\/index.php\/ethologie-appliquee\/lencadrement\/\" \/>\n<meta property=\"og:site_name\" content=\"Etho-Diversit\u00e9\" \/>\n<meta property=\"article:modified_time\" content=\"2016-12-16T12:57:16+00:00\" \/>\n<meta property=\"og:image\" content=\"https:\/\/www.etho-diversite.fr\/wp-content\/uploads\/2016\/11\/12920330_1689754267946898_2833886262695360442_n-e1479922219129.jpg\" \/>\n\t<meta property=\"og:image:width\" content=\"957\" \/>\n\t<meta property=\"og:image:height\" content=\"465\" \/>\n\t<meta property=\"og:image:type\" content=\"image\/jpeg\" \/>\n<meta name=\"twitter:card\" content=\"summary_large_image\" \/>\n<meta name=\"twitter:site\" content=\"@etho_diversite\" \/>\n<meta name=\"twitter:label1\" content=\"Dur\u00e9e de lecture estim\u00e9e\" \/>\n\t<meta name=\"twitter:data1\" content=\"1 minute\" \/>\n<script type=\"application\/ld+json\" class=\"yoast-schema-graph\">{\"@context\":\"https:\/\/schema.org\",\"@graph\":[{\"@type\":\"WebPage\",\"@id\":\"https:\/\/www.etho-diversite.fr\/index.php\/ethologie-appliquee\/lencadrement\/\",\"url\":\"https:\/\/www.etho-diversite.fr\/index.php\/ethologie-appliquee\/lencadrement\/\",\"name\":\"L'Equi-Coaching - Etho-Diversit\u00e9\",\"isPartOf\":{\"@id\":\"https:\/\/www.etho-diversite.fr\/#website\"},\"datePublished\":\"2016-11-23T12:39:49+00:00\",\"dateModified\":\"2016-12-16T12:57:16+00:00\",\"breadcrumb\":{\"@id\":\"https:\/\/www.etho-diversite.fr\/index.php\/ethologie-appliquee\/lencadrement\/#breadcrumb\"},\"inLanguage\":\"fr-FR\",\"potentialAction\":[{\"@type\":\"ReadAction\",\"target\":[\"https:\/\/www.etho-diversite.fr\/index.php\/ethologie-appliquee\/lencadrement\/\"]}]},{\"@type\":\"BreadcrumbList\",\"@id\":\"https:\/\/www.etho-diversite.fr\/index.php\/ethologie-appliquee\/lencadrement\/#breadcrumb\",\"itemListElement\":[{\"@type\":\"ListItem\",\"position\":1,\"name\":\"Accueil\",\"item\":\"https:\/\/www.etho-diversite.fr\/\"},{\"@type\":\"ListItem\",\"position\":2,\"name\":\"Ethologie Appliqu\u00e9e\",\"item\":\"https:\/\/www.etho-diversite.fr\/index.php\/ethologie-appliquee\/\"},{\"@type\":\"ListItem\",\"position\":3,\"name\":\"L&rsquo;Equi-Coaching\"}]},{\"@type\":\"WebSite\",\"@id\":\"https:\/\/www.etho-diversite.fr\/#website\",\"url\":\"https:\/\/www.etho-diversite.fr\/\",\"name\":\"Etho-Diversit\u00e9\",\"description\":\"Ethologie Appliqu\u00e9e, Education Positive | EQUINS - BOVINS - CAPRINS\",\"publisher\":{\"@id\":\"https:\/\/www.etho-diversite.fr\/#\/schema\/person\/2db05b23d32d661768744ef0b2e3ed03\"},\"potentialAction\":[{\"@type\":\"SearchAction\",\"target\":{\"@type\":\"EntryPoint\",\"urlTemplate\":\"https:\/\/www.etho-diversite.fr\/?s={search_term_string}\"},\"query-input\":\"required name=search_term_string\"}],\"inLanguage\":\"fr-FR\"},{\"@type\":[\"Person\",\"Organization\"],\"@id\":\"https:\/\/www.etho-diversite.fr\/#\/schema\/person\/2db05b23d32d661768744ef0b2e3ed03\",\"name\":\"Pauline GARCIA | Etho-Diversit\u00e9\",\"image\":{\"@type\":\"ImageObject\",\"inLanguage\":\"fr-FR\",\"@id\":\"https:\/\/www.etho-diversite.fr\/#\/schema\/person\/image\/\",\"url\":\"https:\/\/www.etho-diversite.fr\/wp-content\/uploads\/2020\/07\/cropped-logo-Pauline-GARCIA-Etho-Diversit\u00e9-version-2019.jpg\",\"contentUrl\":\"https:\/\/www.etho-diversite.fr\/wp-content\/uploads\/2020\/07\/cropped-logo-Pauline-GARCIA-Etho-Diversit\u00e9-version-2019.jpg\",\"width\":2496,\"height\":2500,\"caption\":\"Pauline GARCIA | Etho-Diversit\u00e9\"},\"logo\":{\"@id\":\"https:\/\/www.etho-diversite.fr\/#\/schema\/person\/image\/\"},\"description\":\"\u00c9ducation positive bas\u00e9e sur l'\u00e9thologie, les besoins fondamentaux et le bien-\u00eatre de l'Animal, et plus particuli\u00e8rement ceux du cheval, de la vache, et de la ch\u00e8vre. Astuces, actualit\u00e9s, formations, stages, initiation, coaching sur etho-diversite.fr Coaching en ligne pour les 3 esp\u00e8ces et webinaire.\",\"sameAs\":[\"https:\/\/www.etho-diversit\u00e9.fr\"]}]}<\/script>\n<!-- \/ Yoast SEO plugin. -->","yoast_head_json":{"title":"L'Equi-Coaching - Etho-Diversit\u00e9","robots":{"index":"index","follow":"follow","max-snippet":"max-snippet:-1","max-image-preview":"max-image-preview:large","max-video-preview":"max-video-preview:-1"},"canonical":"https:\/\/www.etho-diversite.fr\/index.php\/ethologie-appliquee\/lencadrement\/","og_locale":"fr_FR","og_type":"article","og_title":"L'Equi-Coaching - Etho-Diversit\u00e9","og_description":"L&rsquo;Equi-coaching, une expertise personnalis\u00e9e. Mon travail a pour objectif\u00a0 d\u2019am\u00e9liorer la relation Homme\/Animal. Dans ce duo, l\u2019homme, le propri\u00e9taire doit se d\u00e9finir comme un guide, un r\u00e9f\u00e9rent, un instructeur pour l\u2019animal. J\u2019encadre et je conseille les propri\u00e9taires \u00e0 devenir de","og_url":"https:\/\/www.etho-diversite.fr\/index.php\/ethologie-appliquee\/lencadrement\/","og_site_name":"Etho-Diversit\u00e9","article_modified_time":"2016-12-16T12:57:16+00:00","og_image":[{"width":957,"height":465,"url":"https:\/\/www.etho-diversite.fr\/wp-content\/uploads\/2016\/11\/12920330_1689754267946898_2833886262695360442_n-e1479922219129.jpg","type":"image\/jpeg"}],"twitter_card":"summary_large_image","twitter_site":"@etho_diversite","twitter_misc":{"Dur\u00e9e de lecture estim\u00e9e":"1 minute"},"schema":{"@context":"https:\/\/schema.org","@graph":[{"@type":"WebPage","@id":"https:\/\/www.etho-diversite.fr\/index.php\/ethologie-appliquee\/lencadrement\/","url":"https:\/\/www.etho-diversite.fr\/index.php\/ethologie-appliquee\/lencadrement\/","name":"L'Equi-Coaching - Etho-Diversit\u00e9","isPartOf":{"@id":"https:\/\/www.etho-diversite.fr\/#website"},"datePublished":"2016-11-23T12:39:49+00:00","dateModified":"2016-12-16T12:57:16+00:00","breadcrumb":{"@id":"https:\/\/www.etho-diversite.fr\/index.php\/ethologie-appliquee\/lencadrement\/#breadcrumb"},"inLanguage":"fr-FR","potentialAction":[{"@type":"ReadAction","target":["https:\/\/www.etho-diversite.fr\/index.php\/ethologie-appliquee\/lencadrement\/"]}]},{"@type":"BreadcrumbList","@id":"https:\/\/www.etho-diversite.fr\/index.php\/ethologie-appliquee\/lencadrement\/#breadcrumb","itemListElement":[{"@type":"ListItem","position":1,"name":"Accueil","item":"https:\/\/www.etho-diversite.fr\/"},{"@type":"ListItem","position":2,"name":"Ethologie Appliqu\u00e9e","item":"https:\/\/www.etho-diversite.fr\/index.php\/ethologie-appliquee\/"},{"@type":"ListItem","position":3,"name":"L&rsquo;Equi-Coaching"}]},{"@type":"WebSite","@id":"https:\/\/www.etho-diversite.fr\/#website","url":"https:\/\/www.etho-diversite.fr\/","name":"Etho-Diversit\u00e9","description":"Ethologie Appliqu\u00e9e, Education Positive | EQUINS - BOVINS - CAPRINS","publisher":{"@id":"https:\/\/www.etho-diversite.fr\/#\/schema\/person\/2db05b23d32d661768744ef0b2e3ed03"},"potentialAction":[{"@type":"SearchAction","target":{"@type":"EntryPoint","urlTemplate":"https:\/\/www.etho-diversite.fr\/?s={search_term_string}"},"query-input":"required name=search_term_string"}],"inLanguage":"fr-FR"},{"@type":["Person","Organization"],"@id":"https:\/\/www.etho-diversite.fr\/#\/schema\/person\/2db05b23d32d661768744ef0b2e3ed03","name":"Pauline GARCIA | Etho-Diversit\u00e9","image":{"@type":"ImageObject","inLanguage":"fr-FR","@id":"https:\/\/www.etho-diversite.fr\/#\/schema\/person\/image\/","url":"https:\/\/www.etho-diversite.fr\/wp-content\/uploads\/2020\/07\/cropped-logo-Pauline-GARCIA-Etho-Diversit\u00e9-version-2019.jpg","contentUrl":"https:\/\/www.etho-diversite.fr\/wp-content\/uploads\/2020\/07\/cropped-logo-Pauline-GARCIA-Etho-Diversit\u00e9-version-2019.jpg","width":2496,"height":2500,"caption":"Pauline GARCIA | Etho-Diversit\u00e9"},"logo":{"@id":"https:\/\/www.etho-diversite.fr\/#\/schema\/person\/image\/"},"description":"\u00c9ducation positive bas\u00e9e sur l'\u00e9thologie, les besoins fondamentaux et le bien-\u00eatre de l'Animal, et plus particuli\u00e8rement ceux du cheval, de la vache, et de la ch\u00e8vre. Astuces, actualit\u00e9s, formations, stages, initiation, coaching sur etho-diversite.fr Coaching en ligne pour les 3 esp\u00e8ces et webinaire.","sameAs":["https:\/\/www.etho-diversit\u00e9.fr"]}]}},"_links":{"self":[{"href":"https:\/\/www.etho-diversite.fr\/index.php\/wp-json\/wp\/v2\/pages\/151"}],"collection":[{"href":"https:\/\/www.etho-diversite.fr\/index.php\/wp-json\/wp\/v2\/pages"}],"about":[{"href":"https:\/\/www.etho-diversite.fr\/index.php\/wp-json\/wp\/v2\/types\/page"}],"author":[{"embeddable":true,"href":"https:\/\/www.etho-diversite.fr\/index.php\/wp-json\/wp\/v2\/users\/1"}],"replies":[{"embeddable":true,"href":"https:\/\/www.etho-diversite.fr\/index.php\/wp-json\/wp\/v2\/comments?post=151"}],"version-history":[{"count":14,"href":"https:\/\/www.etho-diversite.fr\/index.php\/wp-json\/wp\/v2\/pages\/151\/revisions"}],"predecessor-version":[{"id":548,"href":"https:\/\/www.etho-diversite.fr\/index.php\/wp-json\/wp\/v2\/pages\/151\/revisions\/548"}],"up":[{"embeddable":true,"href":"https:\/\/www.etho-diversite.fr\/index.php\/wp-json\/wp\/v2\/pages\/15"}],"wp:featuredmedia":[{"embeddable":true,"href":"https:\/\/www.etho-diversite.fr\/index.php\/wp-json\/wp\/v2\/media\/268"}],"wp:attachment":[{"href":"https:\/\/www.etho-diversite.fr\/index.php\/wp-json\/wp\/v2\/media?parent=151"}],"curies":[{"name":"wp","href":"https:\/\/api.w.org\/{rel}","templated":true}]}}