{"id":159,"date":"2016-11-23T13:44:27","date_gmt":"2016-11-23T12:44:27","guid":{"rendered":"http:\/\/etho-diversite.fr\/?page_id=159"},"modified":"2016-12-02T10:07:33","modified_gmt":"2016-12-02T09:07:33","slug":"le-bien-etre-animal","status":"publish","type":"page","link":"https:\/\/www.etho-diversite.fr\/index.php\/ethologie-appliquee\/le-bien-etre-animal\/","title":{"rendered":"Le Bien-Etre Animal"},"content":{"rendered":"<p style=\"text-align: justify;\"><img decoding=\"async\" loading=\"lazy\" class=\"wp-image-242 size-medium alignright\" src=\"http:\/\/etho-diversite.fr\/wp-content\/uploads\/2016\/11\/12313694_1514839948814957_6023315042238504735_n-300x275.jpg\" alt=\"bien etre animal\" width=\"300\" height=\"275\" srcset=\"https:\/\/www.etho-diversite.fr\/wp-content\/uploads\/2016\/11\/12313694_1514839948814957_6023315042238504735_n-300x275.jpg 300w, https:\/\/www.etho-diversite.fr\/wp-content\/uploads\/2016\/11\/12313694_1514839948814957_6023315042238504735_n.jpg 640w\" sizes=\"(max-width: 300px) 100vw, 300px\" \/><\/p>\n<p style=\"text-align: justify;\">Tous les propri\u00e9taires d\u2019animaux doivent se sentir concern\u00e9s par le bien-\u00eatre animal et les<strong> 5 libert\u00e9s correspondantes:<\/strong><\/p>\n<h2 style=\"text-align: justify;\"><strong><em>Les 5 libert\u00e9s :<\/em><\/strong><\/h2>\n<ul>\n<li style=\"text-align: justify;\"><strong>Libert\u00e9 1\u00a0<\/strong>: L\u2019animal ne doit pas souffrir ni de faim, ni de soif, ni de malnutrition.<\/li>\n<li style=\"text-align: justify;\"><strong>Libert\u00e9 2<\/strong>\u00a0: Libert\u00e9 de confort gr\u00e2ce \u00e0 un environnement appropri\u00e9, incluant un abri et une aire de repos confortable.<\/li>\n<li style=\"text-align: justify;\"><strong>Libert\u00e9 3\u00a0<\/strong>: Les maladies, les douleurs, les blessures doivent \u00eatre combattues par des mesures de pr\u00e9vention ou un diagnostic rapide, suivi d\u2019un traitement appropri\u00e9.<\/li>\n<li style=\"text-align: justify;\"><strong>Libert\u00e9 4<\/strong>\u00a0: Libert\u00e9 d\u2019expression d\u2019un comportement normal gr\u00e2ce \u00e0 un espace suffisant, des installations adapt\u00e9es et la compagnie d\u2019autres animaux de m\u00eame race.<\/li>\n<li style=\"text-align: justify;\"><strong>Libert\u00e9 5<\/strong>\u00a0: L\u2019animal ne doit pas vivre dans la peur ni la d\u00e9tresse en veillant \u00e0 garantir des conditions de vie et un traitement des animaux \u00e9vitant toute souffrance mentale.<\/li>\n<\/ul>\n<p>Des formations sont propos\u00e9es pour \u00e9valuer le bien-\u00eatre animal dans son environnement.<\/p>\n","protected":false},"excerpt":{"rendered":"<p>Tous les propri\u00e9taires d\u2019animaux doivent se sentir concern\u00e9s par le bien-\u00eatre animal et les 5 libert\u00e9s correspondantes: Les 5 libert\u00e9s : Libert\u00e9 1\u00a0: L\u2019animal ne doit pas souffrir ni de faim, ni de soif, ni de malnutrition. Libert\u00e9 2\u00a0: Libert\u00e9<\/p>\n","protected":false},"author":1,"featured_media":242,"parent":15,"menu_order":5,"comment_status":"closed","ping_status":"closed","template":"","meta":{"_exactmetrics_skip_tracking":false,"_exactmetrics_sitenote_active":false,"_exactmetrics_sitenote_note":"","_exactmetrics_sitenote_category":0},"yoast_head":"<!-- This site is optimized with the Yoast SEO plugin v21.8.1 - https:\/\/yoast.com\/wordpress\/plugins\/seo\/ -->\n<title>Le Bien-Etre Animal - Etho-Diversit\u00e9<\/title>\n<meta name=\"robots\" content=\"index, follow, max-snippet:-1, max-image-preview:large, max-video-preview:-1\" \/>\n<link rel=\"canonical\" href=\"https:\/\/www.etho-diversite.fr\/index.php\/ethologie-appliquee\/le-bien-etre-animal\/\" \/>\n<meta property=\"og:locale\" content=\"fr_FR\" \/>\n<meta property=\"og:type\" content=\"article\" \/>\n<meta property=\"og:title\" content=\"Le Bien-Etre Animal - Etho-Diversit\u00e9\" \/>\n<meta property=\"og:description\" content=\"Tous les propri\u00e9taires d\u2019animaux doivent se sentir concern\u00e9s par le bien-\u00eatre animal et les 5 libert\u00e9s correspondantes: Les 5 libert\u00e9s : Libert\u00e9 1\u00a0: L\u2019animal ne doit pas souffrir ni de faim, ni de soif, ni de malnutrition. Libert\u00e9 2\u00a0: Libert\u00e9\" \/>\n<meta property=\"og:url\" content=\"https:\/\/www.etho-diversite.fr\/index.php\/ethologie-appliquee\/le-bien-etre-animal\/\" \/>\n<meta property=\"og:site_name\" content=\"Etho-Diversit\u00e9\" \/>\n<meta property=\"article:modified_time\" content=\"2016-12-02T09:07:33+00:00\" \/>\n<meta property=\"og:image\" content=\"https:\/\/www.etho-diversite.fr\/wp-content\/uploads\/2016\/11\/12313694_1514839948814957_6023315042238504735_n.jpg\" \/>\n\t<meta property=\"og:image:width\" content=\"640\" \/>\n\t<meta property=\"og:image:height\" content=\"586\" \/>\n\t<meta property=\"og:image:type\" content=\"image\/jpeg\" \/>\n<meta name=\"twitter:card\" content=\"summary_large_image\" \/>\n<meta name=\"twitter:site\" content=\"@etho_diversite\" \/>\n<meta name=\"twitter:label1\" content=\"Dur\u00e9e de lecture estim\u00e9e\" \/>\n\t<meta name=\"twitter:data1\" content=\"1 minute\" \/>\n<script type=\"application\/ld+json\" class=\"yoast-schema-graph\">{\"@context\":\"https:\/\/schema.org\",\"@graph\":[{\"@type\":\"WebPage\",\"@id\":\"https:\/\/www.etho-diversite.fr\/index.php\/ethologie-appliquee\/le-bien-etre-animal\/\",\"url\":\"https:\/\/www.etho-diversite.fr\/index.php\/ethologie-appliquee\/le-bien-etre-animal\/\",\"name\":\"Le Bien-Etre Animal - Etho-Diversit\u00e9\",\"isPartOf\":{\"@id\":\"https:\/\/www.etho-diversite.fr\/#website\"},\"datePublished\":\"2016-11-23T12:44:27+00:00\",\"dateModified\":\"2016-12-02T09:07:33+00:00\",\"breadcrumb\":{\"@id\":\"https:\/\/www.etho-diversite.fr\/index.php\/ethologie-appliquee\/le-bien-etre-animal\/#breadcrumb\"},\"inLanguage\":\"fr-FR\",\"potentialAction\":[{\"@type\":\"ReadAction\",\"target\":[\"https:\/\/www.etho-diversite.fr\/index.php\/ethologie-appliquee\/le-bien-etre-animal\/\"]}]},{\"@type\":\"BreadcrumbList\",\"@id\":\"https:\/\/www.etho-diversite.fr\/index.php\/ethologie-appliquee\/le-bien-etre-animal\/#breadcrumb\",\"itemListElement\":[{\"@type\":\"ListItem\",\"position\":1,\"name\":\"Accueil\",\"item\":\"https:\/\/www.etho-diversite.fr\/\"},{\"@type\":\"ListItem\",\"position\":2,\"name\":\"Ethologie Appliqu\u00e9e\",\"item\":\"https:\/\/www.etho-diversite.fr\/index.php\/ethologie-appliquee\/\"},{\"@type\":\"ListItem\",\"position\":3,\"name\":\"Le Bien-Etre Animal\"}]},{\"@type\":\"WebSite\",\"@id\":\"https:\/\/www.etho-diversite.fr\/#website\",\"url\":\"https:\/\/www.etho-diversite.fr\/\",\"name\":\"Etho-Diversit\u00e9\",\"description\":\"Ethologie Appliqu\u00e9e, Education Positive | EQUINS - BOVINS - CAPRINS\",\"publisher\":{\"@id\":\"https:\/\/www.etho-diversite.fr\/#\/schema\/person\/2db05b23d32d661768744ef0b2e3ed03\"},\"potentialAction\":[{\"@type\":\"SearchAction\",\"target\":{\"@type\":\"EntryPoint\",\"urlTemplate\":\"https:\/\/www.etho-diversite.fr\/?s={search_term_string}\"},\"query-input\":\"required name=search_term_string\"}],\"inLanguage\":\"fr-FR\"},{\"@type\":[\"Person\",\"Organization\"],\"@id\":\"https:\/\/www.etho-diversite.fr\/#\/schema\/person\/2db05b23d32d661768744ef0b2e3ed03\",\"name\":\"Pauline GARCIA | Etho-Diversit\u00e9\",\"image\":{\"@type\":\"ImageObject\",\"inLanguage\":\"fr-FR\",\"@id\":\"https:\/\/www.etho-diversite.fr\/#\/schema\/person\/image\/\",\"url\":\"https:\/\/www.etho-diversite.fr\/wp-content\/uploads\/2020\/07\/cropped-logo-Pauline-GARCIA-Etho-Diversit\u00e9-version-2019.jpg\",\"contentUrl\":\"https:\/\/www.etho-diversite.fr\/wp-content\/uploads\/2020\/07\/cropped-logo-Pauline-GARCIA-Etho-Diversit\u00e9-version-2019.jpg\",\"width\":2496,\"height\":2500,\"caption\":\"Pauline GARCIA | Etho-Diversit\u00e9\"},\"logo\":{\"@id\":\"https:\/\/www.etho-diversite.fr\/#\/schema\/person\/image\/\"},\"description\":\"\u00c9ducation positive bas\u00e9e sur l'\u00e9thologie, les besoins fondamentaux et le bien-\u00eatre de l'Animal, et plus particuli\u00e8rement ceux du cheval, de la vache, et de la ch\u00e8vre. Astuces, actualit\u00e9s, formations, stages, initiation, coaching sur etho-diversite.fr Coaching en ligne pour les 3 esp\u00e8ces et webinaire.\",\"sameAs\":[\"https:\/\/www.etho-diversit\u00e9.fr\"]}]}<\/script>\n<!-- \/ Yoast SEO plugin. -->","yoast_head_json":{"title":"Le Bien-Etre Animal - Etho-Diversit\u00e9","robots":{"index":"index","follow":"follow","max-snippet":"max-snippet:-1","max-image-preview":"max-image-preview:large","max-video-preview":"max-video-preview:-1"},"canonical":"https:\/\/www.etho-diversite.fr\/index.php\/ethologie-appliquee\/le-bien-etre-animal\/","og_locale":"fr_FR","og_type":"article","og_title":"Le Bien-Etre Animal - Etho-Diversit\u00e9","og_description":"Tous les propri\u00e9taires d\u2019animaux doivent se sentir concern\u00e9s par le bien-\u00eatre animal et les 5 libert\u00e9s correspondantes: Les 5 libert\u00e9s : Libert\u00e9 1\u00a0: L\u2019animal ne doit pas souffrir ni de faim, ni de soif, ni de malnutrition. Libert\u00e9 2\u00a0: Libert\u00e9","og_url":"https:\/\/www.etho-diversite.fr\/index.php\/ethologie-appliquee\/le-bien-etre-animal\/","og_site_name":"Etho-Diversit\u00e9","article_modified_time":"2016-12-02T09:07:33+00:00","og_image":[{"width":640,"height":586,"url":"https:\/\/www.etho-diversite.fr\/wp-content\/uploads\/2016\/11\/12313694_1514839948814957_6023315042238504735_n.jpg","type":"image\/jpeg"}],"twitter_card":"summary_large_image","twitter_site":"@etho_diversite","twitter_misc":{"Dur\u00e9e de lecture estim\u00e9e":"1 minute"},"schema":{"@context":"https:\/\/schema.org","@graph":[{"@type":"WebPage","@id":"https:\/\/www.etho-diversite.fr\/index.php\/ethologie-appliquee\/le-bien-etre-animal\/","url":"https:\/\/www.etho-diversite.fr\/index.php\/ethologie-appliquee\/le-bien-etre-animal\/","name":"Le Bien-Etre Animal - Etho-Diversit\u00e9","isPartOf":{"@id":"https:\/\/www.etho-diversite.fr\/#website"},"datePublished":"2016-11-23T12:44:27+00:00","dateModified":"2016-12-02T09:07:33+00:00","breadcrumb":{"@id":"https:\/\/www.etho-diversite.fr\/index.php\/ethologie-appliquee\/le-bien-etre-animal\/#breadcrumb"},"inLanguage":"fr-FR","potentialAction":[{"@type":"ReadAction","target":["https:\/\/www.etho-diversite.fr\/index.php\/ethologie-appliquee\/le-bien-etre-animal\/"]}]},{"@type":"BreadcrumbList","@id":"https:\/\/www.etho-diversite.fr\/index.php\/ethologie-appliquee\/le-bien-etre-animal\/#breadcrumb","itemListElement":[{"@type":"ListItem","position":1,"name":"Accueil","item":"https:\/\/www.etho-diversite.fr\/"},{"@type":"ListItem","position":2,"name":"Ethologie Appliqu\u00e9e","item":"https:\/\/www.etho-diversite.fr\/index.php\/ethologie-appliquee\/"},{"@type":"ListItem","position":3,"name":"Le Bien-Etre Animal"}]},{"@type":"WebSite","@id":"https:\/\/www.etho-diversite.fr\/#website","url":"https:\/\/www.etho-diversite.fr\/","name":"Etho-Diversit\u00e9","description":"Ethologie Appliqu\u00e9e, Education Positive | EQUINS - BOVINS - CAPRINS","publisher":{"@id":"https:\/\/www.etho-diversite.fr\/#\/schema\/person\/2db05b23d32d661768744ef0b2e3ed03"},"potentialAction":[{"@type":"SearchAction","target":{"@type":"EntryPoint","urlTemplate":"https:\/\/www.etho-diversite.fr\/?s={search_term_string}"},"query-input":"required name=search_term_string"}],"inLanguage":"fr-FR"},{"@type":["Person","Organization"],"@id":"https:\/\/www.etho-diversite.fr\/#\/schema\/person\/2db05b23d32d661768744ef0b2e3ed03","name":"Pauline GARCIA | Etho-Diversit\u00e9","image":{"@type":"ImageObject","inLanguage":"fr-FR","@id":"https:\/\/www.etho-diversite.fr\/#\/schema\/person\/image\/","url":"https:\/\/www.etho-diversite.fr\/wp-content\/uploads\/2020\/07\/cropped-logo-Pauline-GARCIA-Etho-Diversit\u00e9-version-2019.jpg","contentUrl":"https:\/\/www.etho-diversite.fr\/wp-content\/uploads\/2020\/07\/cropped-logo-Pauline-GARCIA-Etho-Diversit\u00e9-version-2019.jpg","width":2496,"height":2500,"caption":"Pauline GARCIA | Etho-Diversit\u00e9"},"logo":{"@id":"https:\/\/www.etho-diversite.fr\/#\/schema\/person\/image\/"},"description":"\u00c9ducation positive bas\u00e9e sur l'\u00e9thologie, les besoins fondamentaux et le bien-\u00eatre de l'Animal, et plus particuli\u00e8rement ceux du cheval, de la vache, et de la ch\u00e8vre. Astuces, actualit\u00e9s, formations, stages, initiation, coaching sur etho-diversite.fr Coaching en ligne pour les 3 esp\u00e8ces et webinaire.","sameAs":["https:\/\/www.etho-diversit\u00e9.fr"]}]}},"_links":{"self":[{"href":"https:\/\/www.etho-diversite.fr\/index.php\/wp-json\/wp\/v2\/pages\/159"}],"collection":[{"href":"https:\/\/www.etho-diversite.fr\/index.php\/wp-json\/wp\/v2\/pages"}],"about":[{"href":"https:\/\/www.etho-diversite.fr\/index.php\/wp-json\/wp\/v2\/types\/page"}],"author":[{"embeddable":true,"href":"https:\/\/www.etho-diversite.fr\/index.php\/wp-json\/wp\/v2\/users\/1"}],"replies":[{"embeddable":true,"href":"https:\/\/www.etho-diversite.fr\/index.php\/wp-json\/wp\/v2\/comments?post=159"}],"version-history":[{"count":9,"href":"https:\/\/www.etho-diversite.fr\/index.php\/wp-json\/wp\/v2\/pages\/159\/revisions"}],"predecessor-version":[{"id":483,"href":"https:\/\/www.etho-diversite.fr\/index.php\/wp-json\/wp\/v2\/pages\/159\/revisions\/483"}],"up":[{"embeddable":true,"href":"https:\/\/www.etho-diversite.fr\/index.php\/wp-json\/wp\/v2\/pages\/15"}],"wp:featuredmedia":[{"embeddable":true,"href":"https:\/\/www.etho-diversite.fr\/index.php\/wp-json\/wp\/v2\/media\/242"}],"wp:attachment":[{"href":"https:\/\/www.etho-diversite.fr\/index.php\/wp-json\/wp\/v2\/media?parent=159"}],"curies":[{"name":"wp","href":"https:\/\/api.w.org\/{rel}","templated":true}]}}