{"id":19,"date":"2016-11-22T21:48:21","date_gmt":"2016-11-22T20:48:21","guid":{"rendered":"http:\/\/etho-diversite.fr\/?page_id=19"},"modified":"2022-06-03T16:48:45","modified_gmt":"2022-06-03T14:48:45","slug":"calendrier","status":"publish","type":"page","link":"https:\/\/www.etho-diversite.fr\/index.php\/calendrier\/","title":{"rendered":"Rendez-Vous &#038; Actualit\u00e9s"},"content":{"rendered":"<p><span style=\"color: #ffffff;\">Dates, Lieux &amp; Inscriptions<\/span><\/p>\n<p><!--more--><\/p>\n<h3 style=\"text-align: justify;\"><strong>Tous les\u00a0\u00e9v\u00e9nements programm\u00e9s <\/strong>(ex: coachings, formations, colloques, publications, etc) sont r\u00e9pertori\u00e9s sur ma <strong><a href=\"https:\/\/www.facebook.com\/pg\/ethologie.diversite.equin.bovin.caprin\/events\/?ref=page_internal\" target=\"_blank\" rel=\"noopener noreferrer\">page Ev\u00e9nements Facebook, en cliquant ici.<\/a><\/strong><\/h3>\n<p><a href=\"http:\/\/wp.sfeca.info\/\"><img decoding=\"async\" loading=\"lazy\" class=\"aligncenter wp-image-1247\" src=\"https:\/\/www.etho-diversite.fr\/wp-content\/uploads\/2022\/06\/logo-etho-diversite-1.png\" alt=\"\" width=\"227\" height=\"110\" srcset=\"https:\/\/www.etho-diversite.fr\/wp-content\/uploads\/2022\/06\/logo-etho-diversite-1.png 413w, https:\/\/www.etho-diversite.fr\/wp-content\/uploads\/2022\/06\/logo-etho-diversite-1-300x145.png 300w\" sizes=\"(max-width: 227px) 100vw, 227px\" \/><\/a><\/p>\n<p><span style=\"color: #ffffff;\">.<\/span><\/p>\n","protected":false},"excerpt":{"rendered":"<p>Dates, Lieux &amp; Inscriptions<\/p>\n","protected":false},"author":1,"featured_media":33,"parent":0,"menu_order":5,"comment_status":"closed","ping_status":"closed","template":"","meta":{"_exactmetrics_skip_tracking":false,"_exactmetrics_sitenote_active":false,"_exactmetrics_sitenote_note":"","_exactmetrics_sitenote_category":0},"yoast_head":"<!-- This site is optimized with the Yoast SEO plugin v21.8.1 - https:\/\/yoast.com\/wordpress\/plugins\/seo\/ -->\n<title>Rendez-Vous &amp; Actualit\u00e9s - Etho-Diversit\u00e9<\/title>\n<meta name=\"description\" content=\"Tous les\u00a0\u00e9v\u00e9nements programm\u00e9s (ex: coachings, formations, colloques, publications, etc) sont r\u00e9pertori\u00e9s sur ma page Ev\u00e9nements Facebook, en cliquant ici.\" \/>\n<meta name=\"robots\" content=\"index, follow, max-snippet:-1, max-image-preview:large, max-video-preview:-1\" \/>\n<link rel=\"canonical\" href=\"https:\/\/www.etho-diversite.fr\/index.php\/calendrier\/\" \/>\n<meta property=\"og:locale\" content=\"fr_FR\" \/>\n<meta property=\"og:type\" content=\"article\" \/>\n<meta property=\"og:title\" content=\"Rendez-Vous &amp; Actualit\u00e9s - Etho-Diversit\u00e9\" \/>\n<meta property=\"og:description\" content=\"Tous les\u00a0\u00e9v\u00e9nements programm\u00e9s (ex: coachings, formations, colloques, publications, etc) sont r\u00e9pertori\u00e9s sur ma page Ev\u00e9nements Facebook, en cliquant ici.\" \/>\n<meta property=\"og:url\" content=\"https:\/\/www.etho-diversite.fr\/index.php\/calendrier\/\" \/>\n<meta property=\"og:site_name\" content=\"Etho-Diversit\u00e9\" \/>\n<meta property=\"article:modified_time\" content=\"2022-06-03T14:48:45+00:00\" \/>\n<meta property=\"og:image\" content=\"https:\/\/www.etho-diversite.fr\/wp-content\/uploads\/2016\/11\/calendrier2.jpg\" \/>\n\t<meta property=\"og:image:width\" content=\"600\" \/>\n\t<meta property=\"og:image:height\" content=\"330\" \/>\n\t<meta property=\"og:image:type\" content=\"image\/jpeg\" \/>\n<meta name=\"twitter:card\" content=\"summary_large_image\" \/>\n<meta name=\"twitter:site\" content=\"@etho_diversite\" \/>\n<meta name=\"twitter:label1\" content=\"Dur\u00e9e de lecture estim\u00e9e\" \/>\n\t<meta name=\"twitter:data1\" content=\"1 minute\" \/>\n<script type=\"application\/ld+json\" class=\"yoast-schema-graph\">{\"@context\":\"https:\/\/schema.org\",\"@graph\":[{\"@type\":\"WebPage\",\"@id\":\"https:\/\/www.etho-diversite.fr\/index.php\/calendrier\/\",\"url\":\"https:\/\/www.etho-diversite.fr\/index.php\/calendrier\/\",\"name\":\"Rendez-Vous & Actualit\u00e9s - Etho-Diversit\u00e9\",\"isPartOf\":{\"@id\":\"https:\/\/www.etho-diversite.fr\/#website\"},\"datePublished\":\"2016-11-22T20:48:21+00:00\",\"dateModified\":\"2022-06-03T14:48:45+00:00\",\"description\":\"Tous les\u00a0\u00e9v\u00e9nements programm\u00e9s (ex: coachings, formations, colloques, publications, etc) sont r\u00e9pertori\u00e9s sur ma page Ev\u00e9nements Facebook, en cliquant ici.\",\"breadcrumb\":{\"@id\":\"https:\/\/www.etho-diversite.fr\/index.php\/calendrier\/#breadcrumb\"},\"inLanguage\":\"fr-FR\",\"potentialAction\":[{\"@type\":\"ReadAction\",\"target\":[\"https:\/\/www.etho-diversite.fr\/index.php\/calendrier\/\"]}]},{\"@type\":\"BreadcrumbList\",\"@id\":\"https:\/\/www.etho-diversite.fr\/index.php\/calendrier\/#breadcrumb\",\"itemListElement\":[{\"@type\":\"ListItem\",\"position\":1,\"name\":\"Accueil\",\"item\":\"https:\/\/www.etho-diversite.fr\/\"},{\"@type\":\"ListItem\",\"position\":2,\"name\":\"Rendez-Vous &#038; Actualit\u00e9s\"}]},{\"@type\":\"WebSite\",\"@id\":\"https:\/\/www.etho-diversite.fr\/#website\",\"url\":\"https:\/\/www.etho-diversite.fr\/\",\"name\":\"Etho-Diversit\u00e9\",\"description\":\"Ethologie Appliqu\u00e9e, Education Positive | EQUINS - BOVINS - CAPRINS\",\"publisher\":{\"@id\":\"https:\/\/www.etho-diversite.fr\/#\/schema\/person\/2db05b23d32d661768744ef0b2e3ed03\"},\"potentialAction\":[{\"@type\":\"SearchAction\",\"target\":{\"@type\":\"EntryPoint\",\"urlTemplate\":\"https:\/\/www.etho-diversite.fr\/?s={search_term_string}\"},\"query-input\":\"required name=search_term_string\"}],\"inLanguage\":\"fr-FR\"},{\"@type\":[\"Person\",\"Organization\"],\"@id\":\"https:\/\/www.etho-diversite.fr\/#\/schema\/person\/2db05b23d32d661768744ef0b2e3ed03\",\"name\":\"Pauline GARCIA | Etho-Diversit\u00e9\",\"image\":{\"@type\":\"ImageObject\",\"inLanguage\":\"fr-FR\",\"@id\":\"https:\/\/www.etho-diversite.fr\/#\/schema\/person\/image\/\",\"url\":\"https:\/\/www.etho-diversite.fr\/wp-content\/uploads\/2020\/07\/cropped-logo-Pauline-GARCIA-Etho-Diversit\u00e9-version-2019.jpg\",\"contentUrl\":\"https:\/\/www.etho-diversite.fr\/wp-content\/uploads\/2020\/07\/cropped-logo-Pauline-GARCIA-Etho-Diversit\u00e9-version-2019.jpg\",\"width\":2496,\"height\":2500,\"caption\":\"Pauline GARCIA | Etho-Diversit\u00e9\"},\"logo\":{\"@id\":\"https:\/\/www.etho-diversite.fr\/#\/schema\/person\/image\/\"},\"description\":\"\u00c9ducation positive bas\u00e9e sur l'\u00e9thologie, les besoins fondamentaux et le bien-\u00eatre de l'Animal, et plus particuli\u00e8rement ceux du cheval, de la vache, et de la ch\u00e8vre. Astuces, actualit\u00e9s, formations, stages, initiation, coaching sur etho-diversite.fr Coaching en ligne pour les 3 esp\u00e8ces et webinaire.\",\"sameAs\":[\"https:\/\/www.etho-diversit\u00e9.fr\"]}]}<\/script>\n<!-- \/ Yoast SEO plugin. -->","yoast_head_json":{"title":"Rendez-Vous & Actualit\u00e9s - Etho-Diversit\u00e9","description":"Tous les\u00a0\u00e9v\u00e9nements programm\u00e9s (ex: coachings, formations, colloques, publications, etc) sont r\u00e9pertori\u00e9s sur ma page Ev\u00e9nements Facebook, en cliquant ici.","robots":{"index":"index","follow":"follow","max-snippet":"max-snippet:-1","max-image-preview":"max-image-preview:large","max-video-preview":"max-video-preview:-1"},"canonical":"https:\/\/www.etho-diversite.fr\/index.php\/calendrier\/","og_locale":"fr_FR","og_type":"article","og_title":"Rendez-Vous & Actualit\u00e9s - Etho-Diversit\u00e9","og_description":"Tous les\u00a0\u00e9v\u00e9nements programm\u00e9s (ex: coachings, formations, colloques, publications, etc) sont r\u00e9pertori\u00e9s sur ma page Ev\u00e9nements Facebook, en cliquant ici.","og_url":"https:\/\/www.etho-diversite.fr\/index.php\/calendrier\/","og_site_name":"Etho-Diversit\u00e9","article_modified_time":"2022-06-03T14:48:45+00:00","og_image":[{"width":600,"height":330,"url":"https:\/\/www.etho-diversite.fr\/wp-content\/uploads\/2016\/11\/calendrier2.jpg","type":"image\/jpeg"}],"twitter_card":"summary_large_image","twitter_site":"@etho_diversite","twitter_misc":{"Dur\u00e9e de lecture estim\u00e9e":"1 minute"},"schema":{"@context":"https:\/\/schema.org","@graph":[{"@type":"WebPage","@id":"https:\/\/www.etho-diversite.fr\/index.php\/calendrier\/","url":"https:\/\/www.etho-diversite.fr\/index.php\/calendrier\/","name":"Rendez-Vous & Actualit\u00e9s - Etho-Diversit\u00e9","isPartOf":{"@id":"https:\/\/www.etho-diversite.fr\/#website"},"datePublished":"2016-11-22T20:48:21+00:00","dateModified":"2022-06-03T14:48:45+00:00","description":"Tous les\u00a0\u00e9v\u00e9nements programm\u00e9s (ex: coachings, formations, colloques, publications, etc) sont r\u00e9pertori\u00e9s sur ma page Ev\u00e9nements Facebook, en cliquant ici.","breadcrumb":{"@id":"https:\/\/www.etho-diversite.fr\/index.php\/calendrier\/#breadcrumb"},"inLanguage":"fr-FR","potentialAction":[{"@type":"ReadAction","target":["https:\/\/www.etho-diversite.fr\/index.php\/calendrier\/"]}]},{"@type":"BreadcrumbList","@id":"https:\/\/www.etho-diversite.fr\/index.php\/calendrier\/#breadcrumb","itemListElement":[{"@type":"ListItem","position":1,"name":"Accueil","item":"https:\/\/www.etho-diversite.fr\/"},{"@type":"ListItem","position":2,"name":"Rendez-Vous &#038; Actualit\u00e9s"}]},{"@type":"WebSite","@id":"https:\/\/www.etho-diversite.fr\/#website","url":"https:\/\/www.etho-diversite.fr\/","name":"Etho-Diversit\u00e9","description":"Ethologie Appliqu\u00e9e, Education Positive | EQUINS - BOVINS - CAPRINS","publisher":{"@id":"https:\/\/www.etho-diversite.fr\/#\/schema\/person\/2db05b23d32d661768744ef0b2e3ed03"},"potentialAction":[{"@type":"SearchAction","target":{"@type":"EntryPoint","urlTemplate":"https:\/\/www.etho-diversite.fr\/?s={search_term_string}"},"query-input":"required name=search_term_string"}],"inLanguage":"fr-FR"},{"@type":["Person","Organization"],"@id":"https:\/\/www.etho-diversite.fr\/#\/schema\/person\/2db05b23d32d661768744ef0b2e3ed03","name":"Pauline GARCIA | Etho-Diversit\u00e9","image":{"@type":"ImageObject","inLanguage":"fr-FR","@id":"https:\/\/www.etho-diversite.fr\/#\/schema\/person\/image\/","url":"https:\/\/www.etho-diversite.fr\/wp-content\/uploads\/2020\/07\/cropped-logo-Pauline-GARCIA-Etho-Diversit\u00e9-version-2019.jpg","contentUrl":"https:\/\/www.etho-diversite.fr\/wp-content\/uploads\/2020\/07\/cropped-logo-Pauline-GARCIA-Etho-Diversit\u00e9-version-2019.jpg","width":2496,"height":2500,"caption":"Pauline GARCIA | Etho-Diversit\u00e9"},"logo":{"@id":"https:\/\/www.etho-diversite.fr\/#\/schema\/person\/image\/"},"description":"\u00c9ducation positive bas\u00e9e sur l'\u00e9thologie, les besoins fondamentaux et le bien-\u00eatre de l'Animal, et plus particuli\u00e8rement ceux du cheval, de la vache, et de la ch\u00e8vre. Astuces, actualit\u00e9s, formations, stages, initiation, coaching sur etho-diversite.fr Coaching en ligne pour les 3 esp\u00e8ces et webinaire.","sameAs":["https:\/\/www.etho-diversit\u00e9.fr"]}]}},"_links":{"self":[{"href":"https:\/\/www.etho-diversite.fr\/index.php\/wp-json\/wp\/v2\/pages\/19"}],"collection":[{"href":"https:\/\/www.etho-diversite.fr\/index.php\/wp-json\/wp\/v2\/pages"}],"about":[{"href":"https:\/\/www.etho-diversite.fr\/index.php\/wp-json\/wp\/v2\/types\/page"}],"author":[{"embeddable":true,"href":"https:\/\/www.etho-diversite.fr\/index.php\/wp-json\/wp\/v2\/users\/1"}],"replies":[{"embeddable":true,"href":"https:\/\/www.etho-diversite.fr\/index.php\/wp-json\/wp\/v2\/comments?post=19"}],"version-history":[{"count":84,"href":"https:\/\/www.etho-diversite.fr\/index.php\/wp-json\/wp\/v2\/pages\/19\/revisions"}],"predecessor-version":[{"id":1270,"href":"https:\/\/www.etho-diversite.fr\/index.php\/wp-json\/wp\/v2\/pages\/19\/revisions\/1270"}],"wp:featuredmedia":[{"embeddable":true,"href":"https:\/\/www.etho-diversite.fr\/index.php\/wp-json\/wp\/v2\/media\/33"}],"wp:attachment":[{"href":"https:\/\/www.etho-diversite.fr\/index.php\/wp-json\/wp\/v2\/media?parent=19"}],"curies":[{"name":"wp","href":"https:\/\/api.w.org\/{rel}","templated":true}]}}