{"id":22,"date":"2016-11-22T22:16:31","date_gmt":"2016-11-22T21:16:31","guid":{"rendered":"http:\/\/etho-diversite.fr\/?page_id=22"},"modified":"2022-06-03T16:43:05","modified_gmt":"2022-06-03T14:43:05","slug":"accueil","status":"publish","type":"page","link":"https:\/\/www.etho-diversite.fr\/","title":{"rendered":"Accueil"},"content":{"rendered":"","protected":false},"excerpt":{"rendered":"","protected":false},"author":1,"featured_media":53,"parent":0,"menu_order":0,"comment_status":"closed","ping_status":"closed","template":"page-templates\/business.php","meta":{"_exactmetrics_skip_tracking":false,"_exactmetrics_sitenote_active":false,"_exactmetrics_sitenote_note":"","_exactmetrics_sitenote_category":0},"yoast_head":"<!-- This site is optimized with the Yoast SEO plugin v21.8.1 - https:\/\/yoast.com\/wordpress\/plugins\/seo\/ -->\n<title>Accueil - Etho-Diversit\u00e9<\/title>\n<meta name=\"robots\" content=\"index, follow, max-snippet:-1, max-image-preview:large, max-video-preview:-1\" \/>\n<link rel=\"canonical\" href=\"https:\/\/www.etho-diversite.fr\/\" \/>\n<meta property=\"og:locale\" content=\"fr_FR\" \/>\n<meta property=\"og:type\" content=\"article\" \/>\n<meta property=\"og:title\" content=\"Accueil - Etho-Diversit\u00e9\" \/>\n<meta property=\"og:url\" content=\"https:\/\/www.etho-diversite.fr\/\" \/>\n<meta property=\"og:site_name\" content=\"Etho-Diversit\u00e9\" \/>\n<meta property=\"article:modified_time\" content=\"2022-06-03T14:43:05+00:00\" \/>\n<meta property=\"og:image\" content=\"https:\/\/www.etho-diversite.fr\/wp-content\/uploads\/2016\/11\/ethologie-cheval-formation-0002.jpg\" \/>\n\t<meta property=\"og:image:width\" content=\"1100\" \/>\n\t<meta property=\"og:image:height\" content=\"460\" \/>\n\t<meta property=\"og:image:type\" content=\"image\/jpeg\" \/>\n<meta name=\"twitter:card\" content=\"summary_large_image\" \/>\n<meta name=\"twitter:site\" content=\"@etho_diversite\" \/>\n<script type=\"application\/ld+json\" class=\"yoast-schema-graph\">{\"@context\":\"https:\/\/schema.org\",\"@graph\":[{\"@type\":\"WebPage\",\"@id\":\"https:\/\/www.etho-diversite.fr\/\",\"url\":\"https:\/\/www.etho-diversite.fr\/\",\"name\":\"Accueil - Etho-Diversit\u00e9\",\"isPartOf\":{\"@id\":\"https:\/\/www.etho-diversite.fr\/#website\"},\"datePublished\":\"2016-11-22T21:16:31+00:00\",\"dateModified\":\"2022-06-03T14:43:05+00:00\",\"breadcrumb\":{\"@id\":\"https:\/\/www.etho-diversite.fr\/#breadcrumb\"},\"inLanguage\":\"fr-FR\",\"potentialAction\":[{\"@type\":\"ReadAction\",\"target\":[\"https:\/\/www.etho-diversite.fr\/\"]}]},{\"@type\":\"BreadcrumbList\",\"@id\":\"https:\/\/www.etho-diversite.fr\/#breadcrumb\",\"itemListElement\":[{\"@type\":\"ListItem\",\"position\":1,\"name\":\"Accueil\",\"item\":\"https:\/\/www.etho-diversite.fr\/\"},{\"@type\":\"ListItem\",\"position\":2,\"name\":\"Accueil\"}]},{\"@type\":\"WebSite\",\"@id\":\"https:\/\/www.etho-diversite.fr\/#website\",\"url\":\"https:\/\/www.etho-diversite.fr\/\",\"name\":\"Etho-Diversit\u00e9\",\"description\":\"Ethologie Appliqu\u00e9e, Education Positive | EQUINS - BOVINS - CAPRINS\",\"publisher\":{\"@id\":\"https:\/\/www.etho-diversite.fr\/#\/schema\/person\/2db05b23d32d661768744ef0b2e3ed03\"},\"potentialAction\":[{\"@type\":\"SearchAction\",\"target\":{\"@type\":\"EntryPoint\",\"urlTemplate\":\"https:\/\/www.etho-diversite.fr\/?s={search_term_string}\"},\"query-input\":\"required name=search_term_string\"}],\"inLanguage\":\"fr-FR\"},{\"@type\":[\"Person\",\"Organization\"],\"@id\":\"https:\/\/www.etho-diversite.fr\/#\/schema\/person\/2db05b23d32d661768744ef0b2e3ed03\",\"name\":\"Pauline GARCIA | Etho-Diversit\u00e9\",\"image\":{\"@type\":\"ImageObject\",\"inLanguage\":\"fr-FR\",\"@id\":\"https:\/\/www.etho-diversite.fr\/#\/schema\/person\/image\/\",\"url\":\"https:\/\/www.etho-diversite.fr\/wp-content\/uploads\/2020\/07\/cropped-logo-Pauline-GARCIA-Etho-Diversit\u00e9-version-2019.jpg\",\"contentUrl\":\"https:\/\/www.etho-diversite.fr\/wp-content\/uploads\/2020\/07\/cropped-logo-Pauline-GARCIA-Etho-Diversit\u00e9-version-2019.jpg\",\"width\":2496,\"height\":2500,\"caption\":\"Pauline GARCIA | Etho-Diversit\u00e9\"},\"logo\":{\"@id\":\"https:\/\/www.etho-diversite.fr\/#\/schema\/person\/image\/\"},\"description\":\"\u00c9ducation positive bas\u00e9e sur l'\u00e9thologie, les besoins fondamentaux et le bien-\u00eatre de l'Animal, et plus particuli\u00e8rement ceux du cheval, de la vache, et de la ch\u00e8vre. Astuces, actualit\u00e9s, formations, stages, initiation, coaching sur etho-diversite.fr Coaching en ligne pour les 3 esp\u00e8ces et webinaire.\",\"sameAs\":[\"https:\/\/www.etho-diversit\u00e9.fr\"]}]}<\/script>\n<!-- \/ Yoast SEO plugin. -->","yoast_head_json":{"title":"Accueil - Etho-Diversit\u00e9","robots":{"index":"index","follow":"follow","max-snippet":"max-snippet:-1","max-image-preview":"max-image-preview:large","max-video-preview":"max-video-preview:-1"},"canonical":"https:\/\/www.etho-diversite.fr\/","og_locale":"fr_FR","og_type":"article","og_title":"Accueil - Etho-Diversit\u00e9","og_url":"https:\/\/www.etho-diversite.fr\/","og_site_name":"Etho-Diversit\u00e9","article_modified_time":"2022-06-03T14:43:05+00:00","og_image":[{"width":1100,"height":460,"url":"https:\/\/www.etho-diversite.fr\/wp-content\/uploads\/2016\/11\/ethologie-cheval-formation-0002.jpg","type":"image\/jpeg"}],"twitter_card":"summary_large_image","twitter_site":"@etho_diversite","schema":{"@context":"https:\/\/schema.org","@graph":[{"@type":"WebPage","@id":"https:\/\/www.etho-diversite.fr\/","url":"https:\/\/www.etho-diversite.fr\/","name":"Accueil - Etho-Diversit\u00e9","isPartOf":{"@id":"https:\/\/www.etho-diversite.fr\/#website"},"datePublished":"2016-11-22T21:16:31+00:00","dateModified":"2022-06-03T14:43:05+00:00","breadcrumb":{"@id":"https:\/\/www.etho-diversite.fr\/#breadcrumb"},"inLanguage":"fr-FR","potentialAction":[{"@type":"ReadAction","target":["https:\/\/www.etho-diversite.fr\/"]}]},{"@type":"BreadcrumbList","@id":"https:\/\/www.etho-diversite.fr\/#breadcrumb","itemListElement":[{"@type":"ListItem","position":1,"name":"Accueil","item":"https:\/\/www.etho-diversite.fr\/"},{"@type":"ListItem","position":2,"name":"Accueil"}]},{"@type":"WebSite","@id":"https:\/\/www.etho-diversite.fr\/#website","url":"https:\/\/www.etho-diversite.fr\/","name":"Etho-Diversit\u00e9","description":"Ethologie Appliqu\u00e9e, Education Positive | EQUINS - BOVINS - CAPRINS","publisher":{"@id":"https:\/\/www.etho-diversite.fr\/#\/schema\/person\/2db05b23d32d661768744ef0b2e3ed03"},"potentialAction":[{"@type":"SearchAction","target":{"@type":"EntryPoint","urlTemplate":"https:\/\/www.etho-diversite.fr\/?s={search_term_string}"},"query-input":"required name=search_term_string"}],"inLanguage":"fr-FR"},{"@type":["Person","Organization"],"@id":"https:\/\/www.etho-diversite.fr\/#\/schema\/person\/2db05b23d32d661768744ef0b2e3ed03","name":"Pauline GARCIA | Etho-Diversit\u00e9","image":{"@type":"ImageObject","inLanguage":"fr-FR","@id":"https:\/\/www.etho-diversite.fr\/#\/schema\/person\/image\/","url":"https:\/\/www.etho-diversite.fr\/wp-content\/uploads\/2020\/07\/cropped-logo-Pauline-GARCIA-Etho-Diversit\u00e9-version-2019.jpg","contentUrl":"https:\/\/www.etho-diversite.fr\/wp-content\/uploads\/2020\/07\/cropped-logo-Pauline-GARCIA-Etho-Diversit\u00e9-version-2019.jpg","width":2496,"height":2500,"caption":"Pauline GARCIA | Etho-Diversit\u00e9"},"logo":{"@id":"https:\/\/www.etho-diversite.fr\/#\/schema\/person\/image\/"},"description":"\u00c9ducation positive bas\u00e9e sur l'\u00e9thologie, les besoins fondamentaux et le bien-\u00eatre de l'Animal, et plus particuli\u00e8rement ceux du cheval, de la vache, et de la ch\u00e8vre. Astuces, actualit\u00e9s, formations, stages, initiation, coaching sur etho-diversite.fr Coaching en ligne pour les 3 esp\u00e8ces et webinaire.","sameAs":["https:\/\/www.etho-diversit\u00e9.fr"]}]}},"_links":{"self":[{"href":"https:\/\/www.etho-diversite.fr\/index.php\/wp-json\/wp\/v2\/pages\/22"}],"collection":[{"href":"https:\/\/www.etho-diversite.fr\/index.php\/wp-json\/wp\/v2\/pages"}],"about":[{"href":"https:\/\/www.etho-diversite.fr\/index.php\/wp-json\/wp\/v2\/types\/page"}],"author":[{"embeddable":true,"href":"https:\/\/www.etho-diversite.fr\/index.php\/wp-json\/wp\/v2\/users\/1"}],"replies":[{"embeddable":true,"href":"https:\/\/www.etho-diversite.fr\/index.php\/wp-json\/wp\/v2\/comments?post=22"}],"version-history":[{"count":1,"href":"https:\/\/www.etho-diversite.fr\/index.php\/wp-json\/wp\/v2\/pages\/22\/revisions"}],"predecessor-version":[{"id":23,"href":"https:\/\/www.etho-diversite.fr\/index.php\/wp-json\/wp\/v2\/pages\/22\/revisions\/23"}],"wp:featuredmedia":[{"embeddable":true,"href":"https:\/\/www.etho-diversite.fr\/index.php\/wp-json\/wp\/v2\/media\/53"}],"wp:attachment":[{"href":"https:\/\/www.etho-diversite.fr\/index.php\/wp-json\/wp\/v2\/media?parent=22"}],"curies":[{"name":"wp","href":"https:\/\/api.w.org\/{rel}","templated":true}]}}