{"id":28,"date":"2016-11-22T22:20:29","date_gmt":"2016-11-22T21:20:29","guid":{"rendered":"http:\/\/etho-diversite.fr\/?page_id=28"},"modified":"2022-06-03T16:51:27","modified_gmt":"2022-06-03T14:51:27","slug":"contact","status":"publish","type":"page","link":"https:\/\/www.etho-diversite.fr\/index.php\/contact\/","title":{"rendered":"Contact"},"content":{"rendered":"<blockquote>\n<p style=\"text-align: left;\">de l\u2019interaction \u00e0 la relation<\/p>\n<\/blockquote>\n<p style=\"text-align: left;\">ANIMAUX LOISIRS &amp; ELEVAGE<\/p>\n<p style=\"text-align: left;\"><strong>Tout public &#8211; Individuel &#8211; Collectif &#8211; \u00e0 Domicile &#8211; \u00e0 Distance<\/strong><\/p>\n<h2 style=\"text-align: left;\">Coachings &#8211; Conseils &#8211; Formations Courtes &#8211; Initiations<\/h2>\n<ul>\n<li>\u00c9thologie appliqu\u00e9e aux animaux<\/li>\n<li>Guide en \u00e9ducation positive<\/li>\n<li>Relation \/ Connexion Homme-Animal<\/li>\n<li>Troubles du comportement \/ phobies \/ Stress<\/li>\n<li>Travail au sol \u00ab\u00a0Equility\u00a0\u00bb\/ Clicker training \/ M\u00e9dical training<\/li>\n<li>Bilan environnemental, comportemental &amp; Bien-\u00eatre<\/li>\n<li>Structures \u00e9questres, exploitations agricoles, \u00e9tablissements sp\u00e9cialis\u00e9s<\/li>\n<\/ul>\n<p><img decoding=\"async\" loading=\"lazy\" class=\"wp-image-1272 aligncenter\" src=\"https:\/\/www.etho-diversite.fr\/wp-content\/uploads\/2022\/06\/4245366.png\" alt=\"\" width=\"196\" height=\"196\" srcset=\"https:\/\/www.etho-diversite.fr\/wp-content\/uploads\/2022\/06\/4245366.png 512w, https:\/\/www.etho-diversite.fr\/wp-content\/uploads\/2022\/06\/4245366-300x300.png 300w, https:\/\/www.etho-diversite.fr\/wp-content\/uploads\/2022\/06\/4245366-150x150.png 150w, https:\/\/www.etho-diversite.fr\/wp-content\/uploads\/2022\/06\/4245366-230x230.png 230w, https:\/\/www.etho-diversite.fr\/wp-content\/uploads\/2022\/06\/4245366-365x365.png 365w\" sizes=\"(max-width: 196px) 100vw, 196px\" \/><\/p>\n<h3 style=\"text-align: center;\">Pauline GARCIA \u21d2 <a href=\"mailto:ethodiversite@gmail.com\" target=\"_blank\" rel=\"noopener noreferrer\">ethodiversite@gmail.com<\/a><\/h3>\n<h3 style=\"text-align: center;\">Le Bourg \u2013 15160 VEZE<br \/>CANTAL (AUVERGNE)<\/h3>\n<p><a href=\"http:\/\/wp.sfeca.info\/\"><img decoding=\"async\" loading=\"lazy\" class=\"aligncenter wp-image-1219\" src=\"https:\/\/www.etho-diversite.fr\/wp-content\/uploads\/2022\/06\/logo-etho-diversite.png\" alt=\"\" width=\"213\" height=\"103\" srcset=\"https:\/\/www.etho-diversite.fr\/wp-content\/uploads\/2022\/06\/logo-etho-diversite.png 413w, https:\/\/www.etho-diversite.fr\/wp-content\/uploads\/2022\/06\/logo-etho-diversite-300x145.png 300w\" sizes=\"(max-width: 213px) 100vw, 213px\" \/><\/a><\/p>\n\n\n<p><\/p>\n","protected":false},"excerpt":{"rendered":"<p>de l\u2019interaction \u00e0 la relation ANIMAUX LOISIRS &amp; ELEVAGE Tout public &#8211; Individuel &#8211; Collectif &#8211; \u00e0 Domicile &#8211; \u00e0 Distance Coachings &#8211; Conseils &#8211; Formations Courtes &#8211; Initiations \u00c9thologie appliqu\u00e9e aux animaux Guide en \u00e9ducation positive Relation \/ Connexion<\/p>\n","protected":false},"author":1,"featured_media":358,"parent":0,"menu_order":7,"comment_status":"closed","ping_status":"closed","template":"page-templates\/contact.php","meta":{"_exactmetrics_skip_tracking":false,"_exactmetrics_sitenote_active":false,"_exactmetrics_sitenote_note":"","_exactmetrics_sitenote_category":0},"yoast_head":"<!-- This site is optimized with the Yoast SEO plugin v21.8.1 - https:\/\/yoast.com\/wordpress\/plugins\/seo\/ -->\n<title>Contact - Etho-Diversit\u00e9<\/title>\n<meta name=\"description\" content=\"\u00c9thologie appliqu\u00e9e aux animauxGuide en \u00e9ducation positiveRelation \/ Connexion Homme-AnimalTroubles du comportement \/ phobies \/ StressTravail\" \/>\n<meta name=\"robots\" content=\"index, follow, max-snippet:-1, max-image-preview:large, max-video-preview:-1\" \/>\n<link rel=\"canonical\" href=\"https:\/\/www.etho-diversite.fr\/index.php\/contact\/\" \/>\n<meta property=\"og:locale\" content=\"fr_FR\" \/>\n<meta property=\"og:type\" content=\"article\" \/>\n<meta property=\"og:title\" content=\"Contact - Etho-Diversit\u00e9\" \/>\n<meta property=\"og:description\" content=\"\u00c9thologie appliqu\u00e9e aux animauxGuide en \u00e9ducation positiveRelation \/ Connexion Homme-AnimalTroubles du comportement \/ phobies \/ StressTravail\" \/>\n<meta property=\"og:url\" content=\"https:\/\/www.etho-diversite.fr\/index.php\/contact\/\" \/>\n<meta property=\"og:site_name\" content=\"Etho-Diversit\u00e9\" \/>\n<meta property=\"article:modified_time\" content=\"2022-06-03T14:51:27+00:00\" \/>\n<meta property=\"og:image\" content=\"https:\/\/www.etho-diversite.fr\/wp-content\/uploads\/2016\/11\/logo4.jpg\" \/>\n\t<meta property=\"og:image:width\" content=\"476\" \/>\n\t<meta property=\"og:image:height\" content=\"470\" \/>\n\t<meta property=\"og:image:type\" content=\"image\/jpeg\" \/>\n<meta name=\"twitter:card\" content=\"summary_large_image\" \/>\n<meta name=\"twitter:site\" content=\"@etho_diversite\" \/>\n<meta name=\"twitter:label1\" content=\"Dur\u00e9e de lecture estim\u00e9e\" \/>\n\t<meta name=\"twitter:data1\" content=\"1 minute\" \/>\n<script type=\"application\/ld+json\" class=\"yoast-schema-graph\">{\"@context\":\"https:\/\/schema.org\",\"@graph\":[{\"@type\":\"WebPage\",\"@id\":\"https:\/\/www.etho-diversite.fr\/index.php\/contact\/\",\"url\":\"https:\/\/www.etho-diversite.fr\/index.php\/contact\/\",\"name\":\"Contact - Etho-Diversit\u00e9\",\"isPartOf\":{\"@id\":\"https:\/\/www.etho-diversite.fr\/#website\"},\"datePublished\":\"2016-11-22T21:20:29+00:00\",\"dateModified\":\"2022-06-03T14:51:27+00:00\",\"description\":\"\u00c9thologie appliqu\u00e9e aux animauxGuide en \u00e9ducation positiveRelation \/ Connexion Homme-AnimalTroubles du comportement \/ phobies \/ StressTravail\",\"breadcrumb\":{\"@id\":\"https:\/\/www.etho-diversite.fr\/index.php\/contact\/#breadcrumb\"},\"inLanguage\":\"fr-FR\",\"potentialAction\":[{\"@type\":\"ReadAction\",\"target\":[\"https:\/\/www.etho-diversite.fr\/index.php\/contact\/\"]}]},{\"@type\":\"BreadcrumbList\",\"@id\":\"https:\/\/www.etho-diversite.fr\/index.php\/contact\/#breadcrumb\",\"itemListElement\":[{\"@type\":\"ListItem\",\"position\":1,\"name\":\"Accueil\",\"item\":\"https:\/\/www.etho-diversite.fr\/\"},{\"@type\":\"ListItem\",\"position\":2,\"name\":\"Contact\"}]},{\"@type\":\"WebSite\",\"@id\":\"https:\/\/www.etho-diversite.fr\/#website\",\"url\":\"https:\/\/www.etho-diversite.fr\/\",\"name\":\"Etho-Diversit\u00e9\",\"description\":\"Ethologie Appliqu\u00e9e, Education Positive | EQUINS - BOVINS - CAPRINS\",\"publisher\":{\"@id\":\"https:\/\/www.etho-diversite.fr\/#\/schema\/person\/2db05b23d32d661768744ef0b2e3ed03\"},\"potentialAction\":[{\"@type\":\"SearchAction\",\"target\":{\"@type\":\"EntryPoint\",\"urlTemplate\":\"https:\/\/www.etho-diversite.fr\/?s={search_term_string}\"},\"query-input\":\"required name=search_term_string\"}],\"inLanguage\":\"fr-FR\"},{\"@type\":[\"Person\",\"Organization\"],\"@id\":\"https:\/\/www.etho-diversite.fr\/#\/schema\/person\/2db05b23d32d661768744ef0b2e3ed03\",\"name\":\"Pauline GARCIA | Etho-Diversit\u00e9\",\"image\":{\"@type\":\"ImageObject\",\"inLanguage\":\"fr-FR\",\"@id\":\"https:\/\/www.etho-diversite.fr\/#\/schema\/person\/image\/\",\"url\":\"https:\/\/www.etho-diversite.fr\/wp-content\/uploads\/2020\/07\/cropped-logo-Pauline-GARCIA-Etho-Diversit\u00e9-version-2019.jpg\",\"contentUrl\":\"https:\/\/www.etho-diversite.fr\/wp-content\/uploads\/2020\/07\/cropped-logo-Pauline-GARCIA-Etho-Diversit\u00e9-version-2019.jpg\",\"width\":2496,\"height\":2500,\"caption\":\"Pauline GARCIA | Etho-Diversit\u00e9\"},\"logo\":{\"@id\":\"https:\/\/www.etho-diversite.fr\/#\/schema\/person\/image\/\"},\"description\":\"\u00c9ducation positive bas\u00e9e sur l'\u00e9thologie, les besoins fondamentaux et le bien-\u00eatre de l'Animal, et plus particuli\u00e8rement ceux du cheval, de la vache, et de la ch\u00e8vre. Astuces, actualit\u00e9s, formations, stages, initiation, coaching sur etho-diversite.fr Coaching en ligne pour les 3 esp\u00e8ces et webinaire.\",\"sameAs\":[\"https:\/\/www.etho-diversit\u00e9.fr\"]}]}<\/script>\n<!-- \/ Yoast SEO plugin. -->","yoast_head_json":{"title":"Contact - Etho-Diversit\u00e9","description":"\u00c9thologie appliqu\u00e9e aux animauxGuide en \u00e9ducation positiveRelation \/ Connexion Homme-AnimalTroubles du comportement \/ phobies \/ StressTravail","robots":{"index":"index","follow":"follow","max-snippet":"max-snippet:-1","max-image-preview":"max-image-preview:large","max-video-preview":"max-video-preview:-1"},"canonical":"https:\/\/www.etho-diversite.fr\/index.php\/contact\/","og_locale":"fr_FR","og_type":"article","og_title":"Contact - Etho-Diversit\u00e9","og_description":"\u00c9thologie appliqu\u00e9e aux animauxGuide en \u00e9ducation positiveRelation \/ Connexion Homme-AnimalTroubles du comportement \/ phobies \/ StressTravail","og_url":"https:\/\/www.etho-diversite.fr\/index.php\/contact\/","og_site_name":"Etho-Diversit\u00e9","article_modified_time":"2022-06-03T14:51:27+00:00","og_image":[{"width":476,"height":470,"url":"https:\/\/www.etho-diversite.fr\/wp-content\/uploads\/2016\/11\/logo4.jpg","type":"image\/jpeg"}],"twitter_card":"summary_large_image","twitter_site":"@etho_diversite","twitter_misc":{"Dur\u00e9e de lecture estim\u00e9e":"1 minute"},"schema":{"@context":"https:\/\/schema.org","@graph":[{"@type":"WebPage","@id":"https:\/\/www.etho-diversite.fr\/index.php\/contact\/","url":"https:\/\/www.etho-diversite.fr\/index.php\/contact\/","name":"Contact - Etho-Diversit\u00e9","isPartOf":{"@id":"https:\/\/www.etho-diversite.fr\/#website"},"datePublished":"2016-11-22T21:20:29+00:00","dateModified":"2022-06-03T14:51:27+00:00","description":"\u00c9thologie appliqu\u00e9e aux animauxGuide en \u00e9ducation positiveRelation \/ Connexion Homme-AnimalTroubles du comportement \/ phobies \/ StressTravail","breadcrumb":{"@id":"https:\/\/www.etho-diversite.fr\/index.php\/contact\/#breadcrumb"},"inLanguage":"fr-FR","potentialAction":[{"@type":"ReadAction","target":["https:\/\/www.etho-diversite.fr\/index.php\/contact\/"]}]},{"@type":"BreadcrumbList","@id":"https:\/\/www.etho-diversite.fr\/index.php\/contact\/#breadcrumb","itemListElement":[{"@type":"ListItem","position":1,"name":"Accueil","item":"https:\/\/www.etho-diversite.fr\/"},{"@type":"ListItem","position":2,"name":"Contact"}]},{"@type":"WebSite","@id":"https:\/\/www.etho-diversite.fr\/#website","url":"https:\/\/www.etho-diversite.fr\/","name":"Etho-Diversit\u00e9","description":"Ethologie Appliqu\u00e9e, Education Positive | EQUINS - BOVINS - CAPRINS","publisher":{"@id":"https:\/\/www.etho-diversite.fr\/#\/schema\/person\/2db05b23d32d661768744ef0b2e3ed03"},"potentialAction":[{"@type":"SearchAction","target":{"@type":"EntryPoint","urlTemplate":"https:\/\/www.etho-diversite.fr\/?s={search_term_string}"},"query-input":"required name=search_term_string"}],"inLanguage":"fr-FR"},{"@type":["Person","Organization"],"@id":"https:\/\/www.etho-diversite.fr\/#\/schema\/person\/2db05b23d32d661768744ef0b2e3ed03","name":"Pauline GARCIA | Etho-Diversit\u00e9","image":{"@type":"ImageObject","inLanguage":"fr-FR","@id":"https:\/\/www.etho-diversite.fr\/#\/schema\/person\/image\/","url":"https:\/\/www.etho-diversite.fr\/wp-content\/uploads\/2020\/07\/cropped-logo-Pauline-GARCIA-Etho-Diversit\u00e9-version-2019.jpg","contentUrl":"https:\/\/www.etho-diversite.fr\/wp-content\/uploads\/2020\/07\/cropped-logo-Pauline-GARCIA-Etho-Diversit\u00e9-version-2019.jpg","width":2496,"height":2500,"caption":"Pauline GARCIA | Etho-Diversit\u00e9"},"logo":{"@id":"https:\/\/www.etho-diversite.fr\/#\/schema\/person\/image\/"},"description":"\u00c9ducation positive bas\u00e9e sur l'\u00e9thologie, les besoins fondamentaux et le bien-\u00eatre de l'Animal, et plus particuli\u00e8rement ceux du cheval, de la vache, et de la ch\u00e8vre. Astuces, actualit\u00e9s, formations, stages, initiation, coaching sur etho-diversite.fr Coaching en ligne pour les 3 esp\u00e8ces et webinaire.","sameAs":["https:\/\/www.etho-diversit\u00e9.fr"]}]}},"_links":{"self":[{"href":"https:\/\/www.etho-diversite.fr\/index.php\/wp-json\/wp\/v2\/pages\/28"}],"collection":[{"href":"https:\/\/www.etho-diversite.fr\/index.php\/wp-json\/wp\/v2\/pages"}],"about":[{"href":"https:\/\/www.etho-diversite.fr\/index.php\/wp-json\/wp\/v2\/types\/page"}],"author":[{"embeddable":true,"href":"https:\/\/www.etho-diversite.fr\/index.php\/wp-json\/wp\/v2\/users\/1"}],"replies":[{"embeddable":true,"href":"https:\/\/www.etho-diversite.fr\/index.php\/wp-json\/wp\/v2\/comments?post=28"}],"version-history":[{"count":34,"href":"https:\/\/www.etho-diversite.fr\/index.php\/wp-json\/wp\/v2\/pages\/28\/revisions"}],"predecessor-version":[{"id":1273,"href":"https:\/\/www.etho-diversite.fr\/index.php\/wp-json\/wp\/v2\/pages\/28\/revisions\/1273"}],"wp:featuredmedia":[{"embeddable":true,"href":"https:\/\/www.etho-diversite.fr\/index.php\/wp-json\/wp\/v2\/media\/358"}],"wp:attachment":[{"href":"https:\/\/www.etho-diversite.fr\/index.php\/wp-json\/wp\/v2\/media?parent=28"}],"curies":[{"name":"wp","href":"https:\/\/api.w.org\/{rel}","templated":true}]}}