{"id":69,"date":"2016-11-23T12:34:40","date_gmt":"2016-11-23T11:34:40","guid":{"rendered":"http:\/\/etho-diversite.fr\/?page_id=69"},"modified":"2019-05-01T14:20:15","modified_gmt":"2019-05-01T12:20:15","slug":"ma-philosophie","status":"publish","type":"page","link":"https:\/\/www.etho-diversite.fr\/index.php\/a-propos\/ma-philosophie\/","title":{"rendered":"Ma Philosophie"},"content":{"rendered":"<p style=\"text-align: justify;\">Addicte aux grands espaces, \u00e0 la nature pr\u00e9serv\u00e9e, \u00e0 la biodiversit\u00e9, je m\u2019installe dans le Cantal en Auvergne (commune de V\u00e8ze, \u00e0 7km d\u2019Allanche et 25km de Massiac) pour le bien \u00eatre de mes chevaux, \u00e2nesses, vaches salers et ch\u00e8vres naines. Tous sont \u00e9duqu\u00e9s au \u00ab clicker training \u00bb et les r\u00e9sultats sont positifs, pour leur confort et pour le mien.<\/p>\n<p style=\"text-align: justify;\"><span style=\"color: #ffffff;\">.<\/span><\/p>\n<h2 style=\"text-align: justify;\"><strong><em>Mes objectifs\u00a0:<\/em><\/strong><\/h2>\n<ul>\n<li style=\"list-style-type: none;\">\n<ul>\n<li style=\"text-align: justify;\">Respecter le bien \u00eatre de l\u2019animal en consid\u00e9rant toujours ses besoins fondamentaux et ses exigences biologiques.<\/li>\n<\/ul>\n<\/li>\n<\/ul>\n<ul>\n<li style=\"list-style-type: none;\">\n<ul>\n<li style=\"text-align: justify;\">Tenter de diminuer au maximum la tension dans les situations d\u2019apprentissage ou de demande de productions en \u00e9vitant les stimuli facteurs de stress (contention par exemple)<\/li>\n<\/ul>\n<\/li>\n<\/ul>\n<ul>\n<li style=\"text-align: justify;\">Interagir dans la confiance r\u00e9ciproque pour obtenir une relation harmonieuse, positive, efficace qui permettra\u00a0 \u00e0 l\u2019homme et \u00e0 l\u2019animal d\u2019apprendre \u00e0 composer avec le stress puis id\u00e9alement\u00a0 d\u2019apprendre \u00e0 le g\u00e9rer.<\/li>\n<\/ul>\n","protected":false},"excerpt":{"rendered":"<p>Addicte aux grands espaces, \u00e0 la nature pr\u00e9serv\u00e9e, \u00e0 la biodiversit\u00e9, je m\u2019installe dans le Cantal en Auvergne (commune de V\u00e8ze, \u00e0 7km d\u2019Allanche et 25km de Massiac) pour le bien \u00eatre de mes chevaux, \u00e2nesses, vaches salers et ch\u00e8vres<\/p>\n","protected":false},"author":1,"featured_media":135,"parent":8,"menu_order":3,"comment_status":"closed","ping_status":"closed","template":"","meta":{"_exactmetrics_skip_tracking":false,"_exactmetrics_sitenote_active":false,"_exactmetrics_sitenote_note":"","_exactmetrics_sitenote_category":0},"yoast_head":"<!-- This site is optimized with the Yoast SEO plugin v21.8.1 - https:\/\/yoast.com\/wordpress\/plugins\/seo\/ -->\n<title>Ma Philosophie - Etho-Diversit\u00e9<\/title>\n<meta name=\"robots\" content=\"index, follow, max-snippet:-1, max-image-preview:large, max-video-preview:-1\" \/>\n<link rel=\"canonical\" href=\"https:\/\/www.etho-diversite.fr\/index.php\/a-propos\/ma-philosophie\/\" \/>\n<meta property=\"og:locale\" content=\"fr_FR\" \/>\n<meta property=\"og:type\" content=\"article\" \/>\n<meta property=\"og:title\" content=\"Ma Philosophie - Etho-Diversit\u00e9\" \/>\n<meta property=\"og:description\" content=\"Addicte aux grands espaces, \u00e0 la nature pr\u00e9serv\u00e9e, \u00e0 la biodiversit\u00e9, je m\u2019installe dans le Cantal en Auvergne (commune de V\u00e8ze, \u00e0 7km d\u2019Allanche et 25km de Massiac) pour le bien \u00eatre de mes chevaux, \u00e2nesses, vaches salers et ch\u00e8vres\" \/>\n<meta property=\"og:url\" content=\"https:\/\/www.etho-diversite.fr\/index.php\/a-propos\/ma-philosophie\/\" \/>\n<meta property=\"og:site_name\" content=\"Etho-Diversit\u00e9\" \/>\n<meta property=\"article:modified_time\" content=\"2019-05-01T12:20:15+00:00\" \/>\n<meta property=\"og:image\" content=\"https:\/\/www.etho-diversite.fr\/wp-content\/uploads\/2016\/11\/11891132_1624958154426510_1420621095427388558_n-e1479903752605.png\" \/>\n\t<meta property=\"og:image:width\" content=\"497\" \/>\n\t<meta property=\"og:image:height\" content=\"461\" \/>\n\t<meta property=\"og:image:type\" content=\"image\/png\" \/>\n<meta name=\"twitter:card\" content=\"summary_large_image\" \/>\n<meta name=\"twitter:site\" content=\"@etho_diversite\" \/>\n<meta name=\"twitter:label1\" content=\"Dur\u00e9e de lecture estim\u00e9e\" \/>\n\t<meta name=\"twitter:data1\" content=\"1 minute\" \/>\n<script type=\"application\/ld+json\" class=\"yoast-schema-graph\">{\"@context\":\"https:\/\/schema.org\",\"@graph\":[{\"@type\":\"WebPage\",\"@id\":\"https:\/\/www.etho-diversite.fr\/index.php\/a-propos\/ma-philosophie\/\",\"url\":\"https:\/\/www.etho-diversite.fr\/index.php\/a-propos\/ma-philosophie\/\",\"name\":\"Ma Philosophie - Etho-Diversit\u00e9\",\"isPartOf\":{\"@id\":\"https:\/\/www.etho-diversite.fr\/#website\"},\"datePublished\":\"2016-11-23T11:34:40+00:00\",\"dateModified\":\"2019-05-01T12:20:15+00:00\",\"breadcrumb\":{\"@id\":\"https:\/\/www.etho-diversite.fr\/index.php\/a-propos\/ma-philosophie\/#breadcrumb\"},\"inLanguage\":\"fr-FR\",\"potentialAction\":[{\"@type\":\"ReadAction\",\"target\":[\"https:\/\/www.etho-diversite.fr\/index.php\/a-propos\/ma-philosophie\/\"]}]},{\"@type\":\"BreadcrumbList\",\"@id\":\"https:\/\/www.etho-diversite.fr\/index.php\/a-propos\/ma-philosophie\/#breadcrumb\",\"itemListElement\":[{\"@type\":\"ListItem\",\"position\":1,\"name\":\"Accueil\",\"item\":\"https:\/\/www.etho-diversite.fr\/\"},{\"@type\":\"ListItem\",\"position\":2,\"name\":\"A Propos\",\"item\":\"https:\/\/www.etho-diversite.fr\/index.php\/a-propos\/\"},{\"@type\":\"ListItem\",\"position\":3,\"name\":\"Ma Philosophie\"}]},{\"@type\":\"WebSite\",\"@id\":\"https:\/\/www.etho-diversite.fr\/#website\",\"url\":\"https:\/\/www.etho-diversite.fr\/\",\"name\":\"Etho-Diversit\u00e9\",\"description\":\"Ethologie Appliqu\u00e9e, Education Positive | EQUINS - BOVINS - CAPRINS\",\"publisher\":{\"@id\":\"https:\/\/www.etho-diversite.fr\/#\/schema\/person\/2db05b23d32d661768744ef0b2e3ed03\"},\"potentialAction\":[{\"@type\":\"SearchAction\",\"target\":{\"@type\":\"EntryPoint\",\"urlTemplate\":\"https:\/\/www.etho-diversite.fr\/?s={search_term_string}\"},\"query-input\":\"required name=search_term_string\"}],\"inLanguage\":\"fr-FR\"},{\"@type\":[\"Person\",\"Organization\"],\"@id\":\"https:\/\/www.etho-diversite.fr\/#\/schema\/person\/2db05b23d32d661768744ef0b2e3ed03\",\"name\":\"Pauline GARCIA | Etho-Diversit\u00e9\",\"image\":{\"@type\":\"ImageObject\",\"inLanguage\":\"fr-FR\",\"@id\":\"https:\/\/www.etho-diversite.fr\/#\/schema\/person\/image\/\",\"url\":\"https:\/\/www.etho-diversite.fr\/wp-content\/uploads\/2020\/07\/cropped-logo-Pauline-GARCIA-Etho-Diversit\u00e9-version-2019.jpg\",\"contentUrl\":\"https:\/\/www.etho-diversite.fr\/wp-content\/uploads\/2020\/07\/cropped-logo-Pauline-GARCIA-Etho-Diversit\u00e9-version-2019.jpg\",\"width\":2496,\"height\":2500,\"caption\":\"Pauline GARCIA | Etho-Diversit\u00e9\"},\"logo\":{\"@id\":\"https:\/\/www.etho-diversite.fr\/#\/schema\/person\/image\/\"},\"description\":\"\u00c9ducation positive bas\u00e9e sur l'\u00e9thologie, les besoins fondamentaux et le bien-\u00eatre de l'Animal, et plus particuli\u00e8rement ceux du cheval, de la vache, et de la ch\u00e8vre. Astuces, actualit\u00e9s, formations, stages, initiation, coaching sur etho-diversite.fr Coaching en ligne pour les 3 esp\u00e8ces et webinaire.\",\"sameAs\":[\"https:\/\/www.etho-diversit\u00e9.fr\"]}]}<\/script>\n<!-- \/ Yoast SEO plugin. -->","yoast_head_json":{"title":"Ma Philosophie - Etho-Diversit\u00e9","robots":{"index":"index","follow":"follow","max-snippet":"max-snippet:-1","max-image-preview":"max-image-preview:large","max-video-preview":"max-video-preview:-1"},"canonical":"https:\/\/www.etho-diversite.fr\/index.php\/a-propos\/ma-philosophie\/","og_locale":"fr_FR","og_type":"article","og_title":"Ma Philosophie - Etho-Diversit\u00e9","og_description":"Addicte aux grands espaces, \u00e0 la nature pr\u00e9serv\u00e9e, \u00e0 la biodiversit\u00e9, je m\u2019installe dans le Cantal en Auvergne (commune de V\u00e8ze, \u00e0 7km d\u2019Allanche et 25km de Massiac) pour le bien \u00eatre de mes chevaux, \u00e2nesses, vaches salers et ch\u00e8vres","og_url":"https:\/\/www.etho-diversite.fr\/index.php\/a-propos\/ma-philosophie\/","og_site_name":"Etho-Diversit\u00e9","article_modified_time":"2019-05-01T12:20:15+00:00","og_image":[{"width":497,"height":461,"url":"https:\/\/www.etho-diversite.fr\/wp-content\/uploads\/2016\/11\/11891132_1624958154426510_1420621095427388558_n-e1479903752605.png","type":"image\/png"}],"twitter_card":"summary_large_image","twitter_site":"@etho_diversite","twitter_misc":{"Dur\u00e9e de lecture estim\u00e9e":"1 minute"},"schema":{"@context":"https:\/\/schema.org","@graph":[{"@type":"WebPage","@id":"https:\/\/www.etho-diversite.fr\/index.php\/a-propos\/ma-philosophie\/","url":"https:\/\/www.etho-diversite.fr\/index.php\/a-propos\/ma-philosophie\/","name":"Ma Philosophie - Etho-Diversit\u00e9","isPartOf":{"@id":"https:\/\/www.etho-diversite.fr\/#website"},"datePublished":"2016-11-23T11:34:40+00:00","dateModified":"2019-05-01T12:20:15+00:00","breadcrumb":{"@id":"https:\/\/www.etho-diversite.fr\/index.php\/a-propos\/ma-philosophie\/#breadcrumb"},"inLanguage":"fr-FR","potentialAction":[{"@type":"ReadAction","target":["https:\/\/www.etho-diversite.fr\/index.php\/a-propos\/ma-philosophie\/"]}]},{"@type":"BreadcrumbList","@id":"https:\/\/www.etho-diversite.fr\/index.php\/a-propos\/ma-philosophie\/#breadcrumb","itemListElement":[{"@type":"ListItem","position":1,"name":"Accueil","item":"https:\/\/www.etho-diversite.fr\/"},{"@type":"ListItem","position":2,"name":"A Propos","item":"https:\/\/www.etho-diversite.fr\/index.php\/a-propos\/"},{"@type":"ListItem","position":3,"name":"Ma Philosophie"}]},{"@type":"WebSite","@id":"https:\/\/www.etho-diversite.fr\/#website","url":"https:\/\/www.etho-diversite.fr\/","name":"Etho-Diversit\u00e9","description":"Ethologie Appliqu\u00e9e, Education Positive | EQUINS - BOVINS - CAPRINS","publisher":{"@id":"https:\/\/www.etho-diversite.fr\/#\/schema\/person\/2db05b23d32d661768744ef0b2e3ed03"},"potentialAction":[{"@type":"SearchAction","target":{"@type":"EntryPoint","urlTemplate":"https:\/\/www.etho-diversite.fr\/?s={search_term_string}"},"query-input":"required name=search_term_string"}],"inLanguage":"fr-FR"},{"@type":["Person","Organization"],"@id":"https:\/\/www.etho-diversite.fr\/#\/schema\/person\/2db05b23d32d661768744ef0b2e3ed03","name":"Pauline GARCIA | Etho-Diversit\u00e9","image":{"@type":"ImageObject","inLanguage":"fr-FR","@id":"https:\/\/www.etho-diversite.fr\/#\/schema\/person\/image\/","url":"https:\/\/www.etho-diversite.fr\/wp-content\/uploads\/2020\/07\/cropped-logo-Pauline-GARCIA-Etho-Diversit\u00e9-version-2019.jpg","contentUrl":"https:\/\/www.etho-diversite.fr\/wp-content\/uploads\/2020\/07\/cropped-logo-Pauline-GARCIA-Etho-Diversit\u00e9-version-2019.jpg","width":2496,"height":2500,"caption":"Pauline GARCIA | Etho-Diversit\u00e9"},"logo":{"@id":"https:\/\/www.etho-diversite.fr\/#\/schema\/person\/image\/"},"description":"\u00c9ducation positive bas\u00e9e sur l'\u00e9thologie, les besoins fondamentaux et le bien-\u00eatre de l'Animal, et plus particuli\u00e8rement ceux du cheval, de la vache, et de la ch\u00e8vre. Astuces, actualit\u00e9s, formations, stages, initiation, coaching sur etho-diversite.fr Coaching en ligne pour les 3 esp\u00e8ces et webinaire.","sameAs":["https:\/\/www.etho-diversit\u00e9.fr"]}]}},"_links":{"self":[{"href":"https:\/\/www.etho-diversite.fr\/index.php\/wp-json\/wp\/v2\/pages\/69"}],"collection":[{"href":"https:\/\/www.etho-diversite.fr\/index.php\/wp-json\/wp\/v2\/pages"}],"about":[{"href":"https:\/\/www.etho-diversite.fr\/index.php\/wp-json\/wp\/v2\/types\/page"}],"author":[{"embeddable":true,"href":"https:\/\/www.etho-diversite.fr\/index.php\/wp-json\/wp\/v2\/users\/1"}],"replies":[{"embeddable":true,"href":"https:\/\/www.etho-diversite.fr\/index.php\/wp-json\/wp\/v2\/comments?post=69"}],"version-history":[{"count":10,"href":"https:\/\/www.etho-diversite.fr\/index.php\/wp-json\/wp\/v2\/pages\/69\/revisions"}],"predecessor-version":[{"id":1168,"href":"https:\/\/www.etho-diversite.fr\/index.php\/wp-json\/wp\/v2\/pages\/69\/revisions\/1168"}],"up":[{"embeddable":true,"href":"https:\/\/www.etho-diversite.fr\/index.php\/wp-json\/wp\/v2\/pages\/8"}],"wp:featuredmedia":[{"embeddable":true,"href":"https:\/\/www.etho-diversite.fr\/index.php\/wp-json\/wp\/v2\/media\/135"}],"wp:attachment":[{"href":"https:\/\/www.etho-diversite.fr\/index.php\/wp-json\/wp\/v2\/media?parent=69"}],"curies":[{"name":"wp","href":"https:\/\/api.w.org\/{rel}","templated":true}]}}