{"id":993,"date":"2018-01-26T18:37:39","date_gmt":"2018-01-26T17:37:39","guid":{"rendered":"http:\/\/etho-diversite.fr\/?page_id=993"},"modified":"2018-01-27T14:14:29","modified_gmt":"2018-01-27T13:14:29","slug":"le-conseil-elevage-a-domicile","status":"publish","type":"page","link":"https:\/\/www.etho-diversite.fr\/index.php\/ateliers\/le-conseil-elevage-a-domicile\/","title":{"rendered":"Expertise \u00e9levages"},"content":{"rendered":"<p><img decoding=\"async\" loading=\"lazy\" class=\"alignnone size-medium wp-image-995\" src=\"http:\/\/etho-diversite.fr\/wp-content\/uploads\/2018\/01\/IMG_4099-300x200.jpg\" alt=\"\" width=\"300\" height=\"200\" srcset=\"https:\/\/www.etho-diversite.fr\/wp-content\/uploads\/2018\/01\/IMG_4099-300x200.jpg 300w, https:\/\/www.etho-diversite.fr\/wp-content\/uploads\/2018\/01\/IMG_4099-768x512.jpg 768w, https:\/\/www.etho-diversite.fr\/wp-content\/uploads\/2018\/01\/IMG_4099-1024x683.jpg 1024w\" sizes=\"(max-width: 300px) 100vw, 300px\" \/> <img decoding=\"async\" loading=\"lazy\" class=\"alignnone size-medium wp-image-996\" src=\"http:\/\/etho-diversite.fr\/wp-content\/uploads\/2018\/01\/IMG_4111-300x200.jpg\" alt=\"\" width=\"300\" height=\"200\" srcset=\"https:\/\/www.etho-diversite.fr\/wp-content\/uploads\/2018\/01\/IMG_4111-300x200.jpg 300w, https:\/\/www.etho-diversite.fr\/wp-content\/uploads\/2018\/01\/IMG_4111-768x512.jpg 768w, https:\/\/www.etho-diversite.fr\/wp-content\/uploads\/2018\/01\/IMG_4111-1024x683.jpg 1024w\" sizes=\"(max-width: 300px) 100vw, 300px\" \/><\/p>\n<p>Vous \u00eates \u00e9leveur(se), (vous \u00eates en cours d&rsquo;installation agricole) vous souhaitez\u2026<\/p>\n<ul>\n<li>Obtenir un regard scientifique &#8211; \u00e9thologique sur la relation homme-animal avec votre troupeau sur votre ferme<\/li>\n<li>Obtenir des conseils personnalis\u00e9s et une boite \u00e0 outils pour faciliter \/ ou am\u00e9liorer votre relation homme-animal au quotidien<\/li>\n<li>D\u00e9couvrir une m\u00e9thode d\u2019\u00e9ducation pour am\u00e9liorer la docilit\u00e9 des animaux \u00e0 partir du renforcement positif (clicker-training) et avec moins de contention<\/li>\n<li>Des conseils pour enrichir le milieu de vie de vos animaux en stabulations<\/li>\n<\/ul>\n<p>N\u2019h\u00e9sitez pas \u00e0 me contacter<strong> ethodiversite@gmail.com<\/strong>, je me d\u00e9place partout en France.<\/p>\n<p style=\"text-align: center;\">\u00a0<img decoding=\"async\" loading=\"lazy\" class=\"size-medium wp-image-1000 alignleft\" src=\"http:\/\/etho-diversite.fr\/wp-content\/uploads\/2018\/01\/Brosses-tournante-chaine-300x259.jpg\" alt=\"\" width=\"300\" height=\"259\" srcset=\"https:\/\/www.etho-diversite.fr\/wp-content\/uploads\/2018\/01\/Brosses-tournante-chaine-300x259.jpg 300w, https:\/\/www.etho-diversite.fr\/wp-content\/uploads\/2018\/01\/Brosses-tournante-chaine-768x662.jpg 768w, https:\/\/www.etho-diversite.fr\/wp-content\/uploads\/2018\/01\/Brosses-tournante-chaine-1024x883.jpg 1024w, https:\/\/www.etho-diversite.fr\/wp-content\/uploads\/2018\/01\/Brosses-tournante-chaine.jpg 1752w\" sizes=\"(max-width: 300px) 100vw, 300px\" \/>\u00a0 <img decoding=\"async\" loading=\"lazy\" class=\"size-medium wp-image-998 alignright\" src=\"http:\/\/etho-diversite.fr\/wp-content\/uploads\/2018\/01\/Brosse-tournante-veau-300x225.jpg\" alt=\"\" width=\"300\" height=\"225\" srcset=\"https:\/\/www.etho-diversite.fr\/wp-content\/uploads\/2018\/01\/Brosse-tournante-veau-300x225.jpg 300w, https:\/\/www.etho-diversite.fr\/wp-content\/uploads\/2018\/01\/Brosse-tournante-veau-768x576.jpg 768w, https:\/\/www.etho-diversite.fr\/wp-content\/uploads\/2018\/01\/Brosse-tournante-veau-1024x768.jpg 1024w, https:\/\/www.etho-diversite.fr\/wp-content\/uploads\/2018\/01\/Brosse-tournante-veau.jpg 2016w\" sizes=\"(max-width: 300px) 100vw, 300px\" \/><\/p>\n<p style=\"text-align: center;\"><img decoding=\"async\" loading=\"lazy\" class=\"size-medium wp-image-999 alignnone\" src=\"http:\/\/etho-diversite.fr\/wp-content\/uploads\/2018\/01\/brosses-fixes-184x300.jpg\" alt=\"\" width=\"184\" height=\"300\" srcset=\"https:\/\/www.etho-diversite.fr\/wp-content\/uploads\/2018\/01\/brosses-fixes-184x300.jpg 184w, https:\/\/www.etho-diversite.fr\/wp-content\/uploads\/2018\/01\/brosses-fixes-768x1253.jpg 768w, https:\/\/www.etho-diversite.fr\/wp-content\/uploads\/2018\/01\/brosses-fixes-628x1024.jpg 628w, https:\/\/www.etho-diversite.fr\/wp-content\/uploads\/2018\/01\/brosses-fixes.jpg 1222w\" sizes=\"(max-width: 184px) 100vw, 184px\" \/><\/p>\n<p style=\"text-align: center;\"><span style=\"color: #999999;\"><em>Les brosses\u00a0<\/em><\/span><span style=\"color: #999999;\"><em>pour animaux<\/em><\/span><\/p>\n<p>&nbsp;<\/p>\n","protected":false},"excerpt":{"rendered":"<p>Vous \u00eates \u00e9leveur(se), (vous \u00eates en cours d&rsquo;installation agricole) vous souhaitez\u2026 Obtenir un regard scientifique &#8211; \u00e9thologique sur la relation homme-animal avec votre troupeau sur votre ferme Obtenir des conseils personnalis\u00e9s et une boite \u00e0 outils pour faciliter \/ ou<\/p>\n","protected":false},"author":1,"featured_media":887,"parent":17,"menu_order":3,"comment_status":"closed","ping_status":"closed","template":"","meta":{"_exactmetrics_skip_tracking":false,"_exactmetrics_sitenote_active":false,"_exactmetrics_sitenote_note":"","_exactmetrics_sitenote_category":0},"yoast_head":"<!-- This site is optimized with the Yoast SEO plugin v21.8.1 - https:\/\/yoast.com\/wordpress\/plugins\/seo\/ -->\n<title>Expertise \u00e9levages - Etho-Diversit\u00e9<\/title>\n<meta name=\"robots\" content=\"index, follow, max-snippet:-1, max-image-preview:large, max-video-preview:-1\" \/>\n<link rel=\"canonical\" href=\"https:\/\/www.etho-diversite.fr\/index.php\/ateliers\/le-conseil-elevage-a-domicile\/\" \/>\n<meta property=\"og:locale\" content=\"fr_FR\" \/>\n<meta property=\"og:type\" content=\"article\" \/>\n<meta property=\"og:title\" content=\"Expertise \u00e9levages - Etho-Diversit\u00e9\" \/>\n<meta property=\"og:description\" content=\"Vous \u00eates \u00e9leveur(se), (vous \u00eates en cours d&rsquo;installation agricole) vous souhaitez\u2026 Obtenir un regard scientifique &#8211; \u00e9thologique sur la relation homme-animal avec votre troupeau sur votre ferme Obtenir des conseils personnalis\u00e9s et une boite \u00e0 outils pour faciliter \/ ou\" \/>\n<meta property=\"og:url\" content=\"https:\/\/www.etho-diversite.fr\/index.php\/ateliers\/le-conseil-elevage-a-domicile\/\" \/>\n<meta property=\"og:site_name\" content=\"Etho-Diversit\u00e9\" \/>\n<meta property=\"article:modified_time\" content=\"2018-01-27T13:14:29+00:00\" \/>\n<meta property=\"og:image\" content=\"https:\/\/www.etho-diversite.fr\/wp-content\/uploads\/2017\/12\/pauline-formations-Limousines-Aurillac01.jpg\" \/>\n\t<meta property=\"og:image:width\" content=\"960\" \/>\n\t<meta property=\"og:image:height\" content=\"640\" \/>\n\t<meta property=\"og:image:type\" content=\"image\/jpeg\" \/>\n<meta name=\"twitter:card\" content=\"summary_large_image\" \/>\n<meta name=\"twitter:site\" content=\"@etho_diversite\" \/>\n<meta name=\"twitter:label1\" content=\"Dur\u00e9e de lecture estim\u00e9e\" \/>\n\t<meta name=\"twitter:data1\" content=\"1 minute\" \/>\n<script type=\"application\/ld+json\" class=\"yoast-schema-graph\">{\"@context\":\"https:\/\/schema.org\",\"@graph\":[{\"@type\":\"WebPage\",\"@id\":\"https:\/\/www.etho-diversite.fr\/index.php\/ateliers\/le-conseil-elevage-a-domicile\/\",\"url\":\"https:\/\/www.etho-diversite.fr\/index.php\/ateliers\/le-conseil-elevage-a-domicile\/\",\"name\":\"Expertise \u00e9levages - Etho-Diversit\u00e9\",\"isPartOf\":{\"@id\":\"https:\/\/www.etho-diversite.fr\/#website\"},\"datePublished\":\"2018-01-26T17:37:39+00:00\",\"dateModified\":\"2018-01-27T13:14:29+00:00\",\"breadcrumb\":{\"@id\":\"https:\/\/www.etho-diversite.fr\/index.php\/ateliers\/le-conseil-elevage-a-domicile\/#breadcrumb\"},\"inLanguage\":\"fr-FR\",\"potentialAction\":[{\"@type\":\"ReadAction\",\"target\":[\"https:\/\/www.etho-diversite.fr\/index.php\/ateliers\/le-conseil-elevage-a-domicile\/\"]}]},{\"@type\":\"BreadcrumbList\",\"@id\":\"https:\/\/www.etho-diversite.fr\/index.php\/ateliers\/le-conseil-elevage-a-domicile\/#breadcrumb\",\"itemListElement\":[{\"@type\":\"ListItem\",\"position\":1,\"name\":\"Accueil\",\"item\":\"https:\/\/www.etho-diversite.fr\/\"},{\"@type\":\"ListItem\",\"position\":2,\"name\":\"Ateliers &#038; Formations Plein Air\",\"item\":\"https:\/\/www.etho-diversite.fr\/index.php\/ateliers\/\"},{\"@type\":\"ListItem\",\"position\":3,\"name\":\"Expertise \u00e9levages\"}]},{\"@type\":\"WebSite\",\"@id\":\"https:\/\/www.etho-diversite.fr\/#website\",\"url\":\"https:\/\/www.etho-diversite.fr\/\",\"name\":\"Etho-Diversit\u00e9\",\"description\":\"Ethologie Appliqu\u00e9e, Education Positive | EQUINS - BOVINS - CAPRINS\",\"publisher\":{\"@id\":\"https:\/\/www.etho-diversite.fr\/#\/schema\/person\/2db05b23d32d661768744ef0b2e3ed03\"},\"potentialAction\":[{\"@type\":\"SearchAction\",\"target\":{\"@type\":\"EntryPoint\",\"urlTemplate\":\"https:\/\/www.etho-diversite.fr\/?s={search_term_string}\"},\"query-input\":\"required name=search_term_string\"}],\"inLanguage\":\"fr-FR\"},{\"@type\":[\"Person\",\"Organization\"],\"@id\":\"https:\/\/www.etho-diversite.fr\/#\/schema\/person\/2db05b23d32d661768744ef0b2e3ed03\",\"name\":\"Pauline GARCIA | Etho-Diversit\u00e9\",\"image\":{\"@type\":\"ImageObject\",\"inLanguage\":\"fr-FR\",\"@id\":\"https:\/\/www.etho-diversite.fr\/#\/schema\/person\/image\/\",\"url\":\"https:\/\/www.etho-diversite.fr\/wp-content\/uploads\/2020\/07\/cropped-logo-Pauline-GARCIA-Etho-Diversit\u00e9-version-2019.jpg\",\"contentUrl\":\"https:\/\/www.etho-diversite.fr\/wp-content\/uploads\/2020\/07\/cropped-logo-Pauline-GARCIA-Etho-Diversit\u00e9-version-2019.jpg\",\"width\":2496,\"height\":2500,\"caption\":\"Pauline GARCIA | Etho-Diversit\u00e9\"},\"logo\":{\"@id\":\"https:\/\/www.etho-diversite.fr\/#\/schema\/person\/image\/\"},\"description\":\"\u00c9ducation positive bas\u00e9e sur l'\u00e9thologie, les besoins fondamentaux et le bien-\u00eatre de l'Animal, et plus particuli\u00e8rement ceux du cheval, de la vache, et de la ch\u00e8vre. Astuces, actualit\u00e9s, formations, stages, initiation, coaching sur etho-diversite.fr Coaching en ligne pour les 3 esp\u00e8ces et webinaire.\",\"sameAs\":[\"https:\/\/www.etho-diversit\u00e9.fr\"]}]}<\/script>\n<!-- \/ Yoast SEO plugin. -->","yoast_head_json":{"title":"Expertise \u00e9levages - Etho-Diversit\u00e9","robots":{"index":"index","follow":"follow","max-snippet":"max-snippet:-1","max-image-preview":"max-image-preview:large","max-video-preview":"max-video-preview:-1"},"canonical":"https:\/\/www.etho-diversite.fr\/index.php\/ateliers\/le-conseil-elevage-a-domicile\/","og_locale":"fr_FR","og_type":"article","og_title":"Expertise \u00e9levages - Etho-Diversit\u00e9","og_description":"Vous \u00eates \u00e9leveur(se), (vous \u00eates en cours d&rsquo;installation agricole) vous souhaitez\u2026 Obtenir un regard scientifique &#8211; \u00e9thologique sur la relation homme-animal avec votre troupeau sur votre ferme Obtenir des conseils personnalis\u00e9s et une boite \u00e0 outils pour faciliter \/ ou","og_url":"https:\/\/www.etho-diversite.fr\/index.php\/ateliers\/le-conseil-elevage-a-domicile\/","og_site_name":"Etho-Diversit\u00e9","article_modified_time":"2018-01-27T13:14:29+00:00","og_image":[{"width":960,"height":640,"url":"https:\/\/www.etho-diversite.fr\/wp-content\/uploads\/2017\/12\/pauline-formations-Limousines-Aurillac01.jpg","type":"image\/jpeg"}],"twitter_card":"summary_large_image","twitter_site":"@etho_diversite","twitter_misc":{"Dur\u00e9e de lecture estim\u00e9e":"1 minute"},"schema":{"@context":"https:\/\/schema.org","@graph":[{"@type":"WebPage","@id":"https:\/\/www.etho-diversite.fr\/index.php\/ateliers\/le-conseil-elevage-a-domicile\/","url":"https:\/\/www.etho-diversite.fr\/index.php\/ateliers\/le-conseil-elevage-a-domicile\/","name":"Expertise \u00e9levages - Etho-Diversit\u00e9","isPartOf":{"@id":"https:\/\/www.etho-diversite.fr\/#website"},"datePublished":"2018-01-26T17:37:39+00:00","dateModified":"2018-01-27T13:14:29+00:00","breadcrumb":{"@id":"https:\/\/www.etho-diversite.fr\/index.php\/ateliers\/le-conseil-elevage-a-domicile\/#breadcrumb"},"inLanguage":"fr-FR","potentialAction":[{"@type":"ReadAction","target":["https:\/\/www.etho-diversite.fr\/index.php\/ateliers\/le-conseil-elevage-a-domicile\/"]}]},{"@type":"BreadcrumbList","@id":"https:\/\/www.etho-diversite.fr\/index.php\/ateliers\/le-conseil-elevage-a-domicile\/#breadcrumb","itemListElement":[{"@type":"ListItem","position":1,"name":"Accueil","item":"https:\/\/www.etho-diversite.fr\/"},{"@type":"ListItem","position":2,"name":"Ateliers &#038; Formations Plein Air","item":"https:\/\/www.etho-diversite.fr\/index.php\/ateliers\/"},{"@type":"ListItem","position":3,"name":"Expertise \u00e9levages"}]},{"@type":"WebSite","@id":"https:\/\/www.etho-diversite.fr\/#website","url":"https:\/\/www.etho-diversite.fr\/","name":"Etho-Diversit\u00e9","description":"Ethologie Appliqu\u00e9e, Education Positive | EQUINS - BOVINS - CAPRINS","publisher":{"@id":"https:\/\/www.etho-diversite.fr\/#\/schema\/person\/2db05b23d32d661768744ef0b2e3ed03"},"potentialAction":[{"@type":"SearchAction","target":{"@type":"EntryPoint","urlTemplate":"https:\/\/www.etho-diversite.fr\/?s={search_term_string}"},"query-input":"required name=search_term_string"}],"inLanguage":"fr-FR"},{"@type":["Person","Organization"],"@id":"https:\/\/www.etho-diversite.fr\/#\/schema\/person\/2db05b23d32d661768744ef0b2e3ed03","name":"Pauline GARCIA | Etho-Diversit\u00e9","image":{"@type":"ImageObject","inLanguage":"fr-FR","@id":"https:\/\/www.etho-diversite.fr\/#\/schema\/person\/image\/","url":"https:\/\/www.etho-diversite.fr\/wp-content\/uploads\/2020\/07\/cropped-logo-Pauline-GARCIA-Etho-Diversit\u00e9-version-2019.jpg","contentUrl":"https:\/\/www.etho-diversite.fr\/wp-content\/uploads\/2020\/07\/cropped-logo-Pauline-GARCIA-Etho-Diversit\u00e9-version-2019.jpg","width":2496,"height":2500,"caption":"Pauline GARCIA | Etho-Diversit\u00e9"},"logo":{"@id":"https:\/\/www.etho-diversite.fr\/#\/schema\/person\/image\/"},"description":"\u00c9ducation positive bas\u00e9e sur l'\u00e9thologie, les besoins fondamentaux et le bien-\u00eatre de l'Animal, et plus particuli\u00e8rement ceux du cheval, de la vache, et de la ch\u00e8vre. Astuces, actualit\u00e9s, formations, stages, initiation, coaching sur etho-diversite.fr Coaching en ligne pour les 3 esp\u00e8ces et webinaire.","sameAs":["https:\/\/www.etho-diversit\u00e9.fr"]}]}},"_links":{"self":[{"href":"https:\/\/www.etho-diversite.fr\/index.php\/wp-json\/wp\/v2\/pages\/993"}],"collection":[{"href":"https:\/\/www.etho-diversite.fr\/index.php\/wp-json\/wp\/v2\/pages"}],"about":[{"href":"https:\/\/www.etho-diversite.fr\/index.php\/wp-json\/wp\/v2\/types\/page"}],"author":[{"embeddable":true,"href":"https:\/\/www.etho-diversite.fr\/index.php\/wp-json\/wp\/v2\/users\/1"}],"replies":[{"embeddable":true,"href":"https:\/\/www.etho-diversite.fr\/index.php\/wp-json\/wp\/v2\/comments?post=993"}],"version-history":[{"count":8,"href":"https:\/\/www.etho-diversite.fr\/index.php\/wp-json\/wp\/v2\/pages\/993\/revisions"}],"predecessor-version":[{"id":1013,"href":"https:\/\/www.etho-diversite.fr\/index.php\/wp-json\/wp\/v2\/pages\/993\/revisions\/1013"}],"up":[{"embeddable":true,"href":"https:\/\/www.etho-diversite.fr\/index.php\/wp-json\/wp\/v2\/pages\/17"}],"wp:featuredmedia":[{"embeddable":true,"href":"https:\/\/www.etho-diversite.fr\/index.php\/wp-json\/wp\/v2\/media\/887"}],"wp:attachment":[{"href":"https:\/\/www.etho-diversite.fr\/index.php\/wp-json\/wp\/v2\/media?parent=993"}],"curies":[{"name":"wp","href":"https:\/\/api.w.org\/{rel}","templated":true}]}}